{"id":1355,"date":"2019-12-18T14:42:04","date_gmt":"2019-12-18T13:42:04","guid":{"rendered":"https:\/\/uncafefrancais.com\/?page_id=1355"},"modified":"2024-04-27T17:55:02","modified_gmt":"2024-04-27T15:55:02","slug":"mentions-legales-rgpd","status":"publish","type":"page","link":"https:\/\/uncafefrancais.com\/en\/mentions-legales-rgpd\/","title":{"rendered":"Privacy Policy"},"content":{"rendered":"\t\t<div data-elementor-type=\"wp-page\" data-elementor-id=\"1355\" class=\"elementor elementor-1355\">\n\t\t\t\t\t\t<section class=\"elementor-section elementor-top-section elementor-element elementor-element-8b30c13 elementor-section-boxed elementor-section-height-default elementor-section-height-default\" data-id=\"8b30c13\" data-element_type=\"section\">\n\t\t\t\t\t\t<div class=\"elementor-container elementor-column-gap-default\">\n\t\t\t\t\t<div class=\"elementor-column elementor-col-100 elementor-top-column elementor-element elementor-element-0da7d64\" data-id=\"0da7d64\" data-element_type=\"column\">\n\t\t\t<div class=\"elementor-widget-wrap elementor-element-populated\">\n\t\t\t\t\t\t<div class=\"elementor-element elementor-element-efa2389 elementor-widget elementor-widget-text-editor\" data-id=\"efa2389\" data-element_type=\"widget\" data-widget_type=\"text-editor.default\">\n\t\t\t\t<div class=\"elementor-widget-container\">\n\t\t\t\t\t\t\t\t\t<p><b>\u00c9DITEUR<strong>&nbsp;:<\/strong><\/b><\/p>\n<p>Un Caf\u00e9 Fran\u00e7ais \u2013 UCF appartient \u00e0 l\u2019entreprise EI Manuella LEGRETARD, immatricul\u00e9e au <em>Registre National des Entreprises (RNE)<\/em><i>,<\/i> sous le num\u00e9ro 98478571700013 dont le si\u00e8ge social est situ\u00e9 117, rue de Charenton, 75012 PARIS.<br>T\u00e9l : +337.58.22.02.98<\/p>\n<p><strong>DIRECTRICE DE LA PUBLICATION :<\/strong><br>LEGRETARD Manuella<\/p>\n<p><b>H\u00c9BERGEUR DU SITE :<br><\/b>OVH,<b> <\/b>SAS au capital de 10 174 560 \u20ac<br>RCS Lille M\u00e9tropole 424 761 419 00045<br>Code APE 2620Z<br>N\u00b0 TVA : FR 22 424 761 419<br>Si\u00e8ge social : 2 rue Kellermann &#8211; 59100 Roubaix &#8211; France<\/p>\n<p>Le pr\u00e9sent site, ainsi que chacun de ses \u00e9l\u00e9ments sans limitation (notamment les marques, logos, ic\u00f4nes, infographies et photographies), sont prot\u00e9g\u00e9s par la l\u00e9gislation internationale de la propri\u00e9t\u00e9 intellectuelle. Tous les contenus pr\u00e9sents sur le site sont la propri\u00e9t\u00e9 d&#8217;Un Caf\u00e9 Fran\u00e7ais ou d&#8217;autres entreprises. Toute utilisation, reproduction ou repr\u00e9sentation, sous quelque forme que ce soit et sur quelque support que ce soit, de tout ou partie du site et\/ou des \u00e9l\u00e9ments qui le composent est strictement interdite sans le consentement expr\u00e8s d&#8217;Un Caf\u00e9 Fran\u00e7ais.<\/p>\n<p>La marque Un Caf\u00e9 Fran\u00e7ais, le logo Un Caf\u00e9 Fran\u00e7ais, ainsi que toutes les autres marques Un Caf\u00e9 Fran\u00e7ais pr\u00e9sentes sur ce site internet, sont des marques d\u00e9pos\u00e9es appartenant \u00e0 l&#8217;entreprise EI MANUELLA LEGRETARD &#8211; Un Caf\u00e9 Fran\u00e7ais. <br>Toutes les autres marques pr\u00e9sentes sur ce site internet sont la propri\u00e9t\u00e9 de leurs d\u00e9tenteurs respectifs.<\/p>\n<p><b>CR\u00c9DITS PHOTOGRAPHIQUES :<\/b><br><u>Un Caf\u00e9 Fran\u00e7ais<\/u>. <br>Toutes les autres marques pr\u00e9sentes sur ce site internet sont la propri\u00e9t\u00e9 de leurs d\u00e9tenteurs respectifs<\/p>\n<p><strong>R\u00c9ALISATION DU SITE :<\/strong><b><br><\/b>UN CAFE FRAN\u00c7AIS \u2013 UCF \/ EI Manuella LEGRETARD &#8211; 117, rue de Charenton, 75012 PARIS.<br>T\u00e9l : +337.58.22.02.98<\/p>\t\t\t\t\t\t\t\t<\/div>\n\t\t\t\t<\/div>\n\t\t\t\t\t<\/div>\n\t\t<\/div>\n\t\t\t\t\t<\/div>\n\t\t<\/section>\n\t\t\t\t<\/div>\n\t\t","protected":false},"excerpt":{"rendered":"<p>\u00c9DITEUR&nbsp;: Un Caf\u00e9 Fran\u00e7ais \u2013 UCF appartient \u00e0 l\u2019entreprise EI Manuella LEGRETARD, immatricul\u00e9e au Registre National des Entreprises (RNE), sous le num\u00e9ro 98478571700013 dont le si\u00e8ge social est situ\u00e9 117,&hellip; <br \/> <a class=\"read-more\" href=\"https:\/\/uncafefrancais.com\/en\/mentions-legales-rgpd\/\">Read more<\/a><\/p>\n","protected":false},"author":0,"featured_media":0,"parent":0,"menu_order":0,"comment_status":"closed","ping_status":"closed","template":"","meta":{"_price":"","_stock":"","_tribe_ticket_header":"","_tribe_default_ticket_provider":"","_tribe_ticket_capacity":"","_ticket_start_date":"","_ticket_end_date":"","_tribe_ticket_show_description":"","_tribe_ticket_show_not_going":false,"_tribe_ticket_use_global_stock":"","_tribe_ticket_global_stock_level":"","_global_stock_mode":"","_global_stock_cap":"","_tribe_rsvp_for_event":"","_tribe_ticket_going_count":"","_tribe_ticket_not_going_count":"","_tribe_tickets_list":"[]","_tribe_ticket_has_attendee_info_fields":false,"footnotes":"","_tec_slr_enabled":"","_tec_slr_layout":""},"class_list":["post-1355","page","type-page","status-publish","hentry"],"yoast_head":"<!-- This site is optimized with the Yoast SEO plugin v27.3 - https:\/\/yoast.com\/product\/yoast-seo-wordpress\/ -->\n<title>Privacy Policy | Un Caf\u00e9 Fran\u00e7ais<\/title>\n<meta name=\"description\" content=\"\u00c9DITEUR&nbsp;: Un Caf\u00e9 Fran\u00e7ais \u2013 UCF appartient \u00e0 l\u2019entreprise EI Manuella LEGRETARD, immatricul\u00e9e au Registre National des Entreprises (RNE), sous le\" \/>\n<meta name=\"robots\" content=\"index, follow, max-snippet:-1, max-image-preview:large, max-video-preview:-1\" \/>\n<link rel=\"canonical\" href=\"https:\/\/uncafefrancais.com\/mentions-legales-rgpd\/\" \/>\n<meta property=\"og:locale\" content=\"en_US\" \/>\n<meta property=\"og:type\" content=\"article\" \/>\n<meta property=\"og:title\" content=\"Privacy Policy | Un Caf\u00e9 Fran\u00e7ais\" \/>\n<meta property=\"og:description\" content=\"\u00c9DITEUR&nbsp;: Un Caf\u00e9 Fran\u00e7ais \u2013 UCF appartient \u00e0 l\u2019entreprise EI Manuella LEGRETARD, immatricul\u00e9e au Registre National des Entreprises (RNE), sous le\" \/>\n<meta property=\"og:url\" content=\"https:\/\/uncafefrancais.com\/mentions-legales-rgpd\/\" \/>\n<meta property=\"og:site_name\" content=\"Un Caf\u00e9 Fran\u00e7ais\" \/>\n<meta property=\"article:modified_time\" content=\"2024-04-27T15:55:02+00:00\" \/>\n<meta name=\"twitter:card\" content=\"summary_large_image\" \/>\n<script type=\"application\/ld+json\" class=\"yoast-schema-graph\">{\"@context\":\"https:\\\/\\\/schema.org\",\"@graph\":[{\"@type\":\"WebPage\",\"@id\":\"https:\\\/\\\/uncafefrancais.com\\\/mentions-legales-rgpd\\\/\",\"url\":\"https:\\\/\\\/uncafefrancais.com\\\/mentions-legales-rgpd\\\/\",\"name\":\"Privacy Policy | Un Caf\u00e9 Fran\u00e7ais\",\"isPartOf\":{\"@id\":\"https:\\\/\\\/uncafefrancais.com\\\/#website\"},\"datePublished\":\"2019-12-18T13:42:04+00:00\",\"dateModified\":\"2024-04-27T15:55:02+00:00\",\"description\":\"\u00c9DITEUR&nbsp;: Un Caf\u00e9 Fran\u00e7ais \u2013 UCF appartient \u00e0 l\u2019entreprise EI Manuella LEGRETARD, immatricul\u00e9e au Registre National des Entreprises (RNE), sous le\",\"breadcrumb\":{\"@id\":\"https:\\\/\\\/uncafefrancais.com\\\/mentions-legales-rgpd\\\/#breadcrumb\"},\"inLanguage\":\"en-US\",\"potentialAction\":[{\"@type\":\"ReadAction\",\"target\":[\"https:\\\/\\\/uncafefrancais.com\\\/mentions-legales-rgpd\\\/\"]}]},{\"@type\":\"BreadcrumbList\",\"@id\":\"https:\\\/\\\/uncafefrancais.com\\\/mentions-legales-rgpd\\\/#breadcrumb\",\"itemListElement\":[{\"@type\":\"ListItem\",\"position\":1,\"name\":\"Accueil\",\"item\":\"https:\\\/\\\/uncafefrancais.com\\\/\"},{\"@type\":\"ListItem\",\"position\":2,\"name\":\"[:fr] Mentions l\u00e9gales &#8211; RGPD [:en] Privacy Policy [:]\"}]},{\"@type\":\"WebSite\",\"@id\":\"https:\\\/\\\/uncafefrancais.com\\\/#website\",\"url\":\"https:\\\/\\\/uncafefrancais.com\\\/\",\"name\":\"Un Caf\u00e9 Fran\u00e7ais\",\"description\":\"Best way to learn French!\",\"publisher\":{\"@id\":\"https:\\\/\\\/uncafefrancais.com\\\/#organization\"},\"potentialAction\":[{\"@type\":\"SearchAction\",\"target\":{\"@type\":\"EntryPoint\",\"urlTemplate\":\"https:\\\/\\\/uncafefrancais.com\\\/?s={search_term_string}\"},\"query-input\":{\"@type\":\"PropertyValueSpecification\",\"valueRequired\":true,\"valueName\":\"search_term_string\"}}],\"inLanguage\":\"en-US\"},{\"@type\":\"Organization\",\"@id\":\"https:\\\/\\\/uncafefrancais.com\\\/#organization\",\"name\":\"Un Caf\u00e9 Fran\u00e7ais\",\"url\":\"https:\\\/\\\/uncafefrancais.com\\\/\",\"logo\":{\"@type\":\"ImageObject\",\"inLanguage\":\"en-US\",\"@id\":\"https:\\\/\\\/uncafefrancais.com\\\/#\\\/schema\\\/logo\\\/image\\\/\",\"url\":\"https:\\\/\\\/uncafefrancais.com\\\/wp-content\\\/uploads\\\/2020\\\/03\\\/2018-Logo-UCF-txt-Noirbline.png\",\"contentUrl\":\"https:\\\/\\\/uncafefrancais.com\\\/wp-content\\\/uploads\\\/2020\\\/03\\\/2018-Logo-UCF-txt-Noirbline.png\",\"width\":500,\"height\":397,\"caption\":\"Un Caf\u00e9 Fran\u00e7ais\"},\"image\":{\"@id\":\"https:\\\/\\\/uncafefrancais.com\\\/#\\\/schema\\\/logo\\\/image\\\/\"}}]}<\/script>\n<!-- \/ Yoast SEO plugin. -->","yoast_head_json":{"title":"Privacy Policy | Un Caf\u00e9 Fran\u00e7ais","description":"\u00c9DITEUR&nbsp;: Un Caf\u00e9 Fran\u00e7ais \u2013 UCF appartient \u00e0 l\u2019entreprise EI Manuella LEGRETARD, immatricul\u00e9e au Registre National des Entreprises (RNE), sous le","robots":{"index":"index","follow":"follow","max-snippet":"max-snippet:-1","max-image-preview":"max-image-preview:large","max-video-preview":"max-video-preview:-1"},"canonical":"https:\/\/uncafefrancais.com\/mentions-legales-rgpd\/","og_locale":"en_US","og_type":"article","og_title":"Privacy Policy | Un Caf\u00e9 Fran\u00e7ais","og_description":"\u00c9DITEUR&nbsp;: Un Caf\u00e9 Fran\u00e7ais \u2013 UCF appartient \u00e0 l\u2019entreprise EI Manuella LEGRETARD, immatricul\u00e9e au Registre National des Entreprises (RNE), sous le","og_url":"https:\/\/uncafefrancais.com\/mentions-legales-rgpd\/","og_site_name":"Un Caf\u00e9 Fran\u00e7ais","article_modified_time":"2024-04-27T15:55:02+00:00","twitter_card":"summary_large_image","schema":{"@context":"https:\/\/schema.org","@graph":[{"@type":"WebPage","@id":"https:\/\/uncafefrancais.com\/mentions-legales-rgpd\/","url":"https:\/\/uncafefrancais.com\/mentions-legales-rgpd\/","name":"Privacy Policy | Un Caf\u00e9 Fran\u00e7ais","isPartOf":{"@id":"https:\/\/uncafefrancais.com\/#website"},"datePublished":"2019-12-18T13:42:04+00:00","dateModified":"2024-04-27T15:55:02+00:00","description":"\u00c9DITEUR&nbsp;: Un Caf\u00e9 Fran\u00e7ais \u2013 UCF appartient \u00e0 l\u2019entreprise EI Manuella LEGRETARD, immatricul\u00e9e au Registre National des Entreprises (RNE), sous le","breadcrumb":{"@id":"https:\/\/uncafefrancais.com\/mentions-legales-rgpd\/#breadcrumb"},"inLanguage":"en-US","potentialAction":[{"@type":"ReadAction","target":["https:\/\/uncafefrancais.com\/mentions-legales-rgpd\/"]}]},{"@type":"BreadcrumbList","@id":"https:\/\/uncafefrancais.com\/mentions-legales-rgpd\/#breadcrumb","itemListElement":[{"@type":"ListItem","position":1,"name":"Accueil","item":"https:\/\/uncafefrancais.com\/"},{"@type":"ListItem","position":2,"name":"[:fr] Mentions l\u00e9gales &#8211; RGPD [:en] Privacy Policy [:]"}]},{"@type":"WebSite","@id":"https:\/\/uncafefrancais.com\/#website","url":"https:\/\/uncafefrancais.com\/","name":"Un Caf\u00e9 Fran\u00e7ais","description":"Best way to learn French!","publisher":{"@id":"https:\/\/uncafefrancais.com\/#organization"},"potentialAction":[{"@type":"SearchAction","target":{"@type":"EntryPoint","urlTemplate":"https:\/\/uncafefrancais.com\/?s={search_term_string}"},"query-input":{"@type":"PropertyValueSpecification","valueRequired":true,"valueName":"search_term_string"}}],"inLanguage":"en-US"},{"@type":"Organization","@id":"https:\/\/uncafefrancais.com\/#organization","name":"Un Caf\u00e9 Fran\u00e7ais","url":"https:\/\/uncafefrancais.com\/","logo":{"@type":"ImageObject","inLanguage":"en-US","@id":"https:\/\/uncafefrancais.com\/#\/schema\/logo\/image\/","url":"https:\/\/uncafefrancais.com\/wp-content\/uploads\/2020\/03\/2018-Logo-UCF-txt-Noirbline.png","contentUrl":"https:\/\/uncafefrancais.com\/wp-content\/uploads\/2020\/03\/2018-Logo-UCF-txt-Noirbline.png","width":500,"height":397,"caption":"Un Caf\u00e9 Fran\u00e7ais"},"image":{"@id":"https:\/\/uncafefrancais.com\/#\/schema\/logo\/image\/"}}]}},"ticketed":false,"_links":{"self":[{"href":"https:\/\/uncafefrancais.com\/en\/wp-json\/wp\/v2\/pages\/1355","targetHints":{"allow":["GET"]}}],"collection":[{"href":"https:\/\/uncafefrancais.com\/en\/wp-json\/wp\/v2\/pages"}],"about":[{"href":"https:\/\/uncafefrancais.com\/en\/wp-json\/wp\/v2\/types\/page"}],"replies":[{"embeddable":true,"href":"https:\/\/uncafefrancais.com\/en\/wp-json\/wp\/v2\/comments?post=1355"}],"version-history":[{"count":15,"href":"https:\/\/uncafefrancais.com\/en\/wp-json\/wp\/v2\/pages\/1355\/revisions"}],"predecessor-version":[{"id":12550,"href":"https:\/\/uncafefrancais.com\/en\/wp-json\/wp\/v2\/pages\/1355\/revisions\/12550"}],"wp:attachment":[{"href":"https:\/\/uncafefrancais.com\/en\/wp-json\/wp\/v2\/media?parent=1355"}],"curies":[{"name":"wp","href":"https:\/\/api.w.org\/{rel}","templated":true}]}}