{"id":1361,"date":"2019-12-18T16:50:31","date_gmt":"2019-12-18T15:50:31","guid":{"rendered":"https:\/\/uncafefrancais.com\/?page_id=1361"},"modified":"2020-12-02T18:57:45","modified_gmt":"2020-12-02T17:57:45","slug":"contact","status":"publish","type":"page","link":"https:\/\/uncafefrancais.com\/en\/contact\/","title":{"rendered":"Contact"},"content":{"rendered":"\t\t<div data-elementor-type=\"wp-page\" data-elementor-id=\"1361\" class=\"elementor elementor-1361\">\n\t\t\t\t\t\t<section class=\"elementor-section elementor-top-section elementor-element elementor-element-f36288d elementor-section-stretched elementor-section-boxed elementor-section-height-default elementor-section-height-default\" data-id=\"f36288d\" data-element_type=\"section\" data-settings=\"{&quot;stretch_section&quot;:&quot;section-stretched&quot;}\">\n\t\t\t\t\t\t<div class=\"elementor-container elementor-column-gap-default\">\n\t\t\t\t\t<div class=\"elementor-column elementor-col-100 elementor-top-column elementor-element elementor-element-d2a68f6\" data-id=\"d2a68f6\" data-element_type=\"column\">\n\t\t\t<div class=\"elementor-widget-wrap elementor-element-populated\">\n\t\t\t\t\t\t<div class=\"elementor-element elementor-element-028faa4 elementor-widget elementor-widget-heading\" data-id=\"028faa4\" data-element_type=\"widget\" data-widget_type=\"heading.default\">\n\t\t\t\t<div class=\"elementor-widget-container\">\n\t\t\t\t\t<h2 class=\"elementor-heading-title elementor-size-default\">Vous avez une question?<\/h2>\t\t\t\t<\/div>\n\t\t\t\t<\/div>\n\t\t\t\t\t<\/div>\n\t\t<\/div>\n\t\t\t\t\t<\/div>\n\t\t<\/section>\n\t\t\t\t<section class=\"elementor-section elementor-top-section elementor-element elementor-element-147beca elementor-section-boxed elementor-section-height-default elementor-section-height-default\" data-id=\"147beca\" data-element_type=\"section\" data-settings=\"{&quot;background_background&quot;:&quot;classic&quot;}\">\n\t\t\t\t\t\t\t<div class=\"elementor-background-overlay\"><\/div>\n\t\t\t\t\t\t\t<div class=\"elementor-container elementor-column-gap-default\">\n\t\t\t\t\t<div class=\"elementor-column elementor-col-50 elementor-top-column elementor-element elementor-element-8cbcf3b\" data-id=\"8cbcf3b\" data-element_type=\"column\">\n\t\t\t<div class=\"elementor-widget-wrap elementor-element-populated\">\n\t\t\t\t\t\t<div class=\"elementor-element elementor-element-48b2d63 elementor-widget elementor-widget-spacer\" data-id=\"48b2d63\" data-element_type=\"widget\" data-widget_type=\"spacer.default\">\n\t\t\t\t<div class=\"elementor-widget-container\">\n\t\t\t\t\t\t\t<div class=\"elementor-spacer\">\n\t\t\t<div class=\"elementor-spacer-inner\"><\/div>\n\t\t<\/div>\n\t\t\t\t\t\t<\/div>\n\t\t\t\t<\/div>\n\t\t\t\t<div class=\"elementor-element elementor-element-21a320e elementor-widget elementor-widget-text-editor\" data-id=\"21a320e\" data-element_type=\"widget\" data-widget_type=\"text-editor.default\">\n\t\t\t\t<div class=\"elementor-widget-container\">\n\t\t\t\t\t\t\t\t\t<p>Vous d\u00e9sirez en savoir plus sur Un Caf\u00e9 Fran\u00e7ais ? Des renseignements sur nos groupes de conversations et nos ateliers ?<br \/>Un projet particulier durant votre s\u00e9jour?&#8230;<br \/><br \/><br \/>N&#8217;h\u00e9sitez plus envoyez-nous un message et nous vous aiguillerons vers le meilleur choix pour pratiquer le fran\u00e7ais, sur la mani\u00e8re la plus adapt\u00e9e \u00e0 vos besoins et \u00e0 votre niveau.<\/p>\t\t\t\t\t\t\t\t<\/div>\n\t\t\t\t<\/div>\n\t\t\t\t\t<\/div>\n\t\t<\/div>\n\t\t\t\t<div class=\"elementor-column elementor-col-50 elementor-top-column elementor-element elementor-element-d93b888\" data-id=\"d93b888\" data-element_type=\"column\">\n\t\t\t<div class=\"elementor-widget-wrap elementor-element-populated\">\n\t\t\t\t\t\t<div class=\"elementor-element elementor-element-6b56d12 elementor-widget elementor-widget-shortcode\" data-id=\"6b56d12\" data-element_type=\"widget\" data-widget_type=\"shortcode.default\">\n\t\t\t\t<div class=\"elementor-widget-container\">\n\t\t\t\t\t\t\t<div class=\"elementor-shortcode\">\n<div class=\"wpcf7 no-js\" id=\"wpcf7-f1364-o1\" lang=\"fr-FR\" dir=\"ltr\" data-wpcf7-id=\"1364\">\n<div class=\"screen-reader-response\"><p role=\"status\" aria-live=\"polite\" aria-atomic=\"true\"><\/p> <ul><\/ul><\/div>\n<form action=\"\/en\/wp-json\/wp\/v2\/pages\/1361#wpcf7-f1364-o1\" method=\"post\" class=\"wpcf7-form init\" aria-label=\"Formulaire de contact\" novalidate=\"novalidate\" data-status=\"init\">\n<fieldset class=\"hidden-fields-container\"><input type=\"hidden\" name=\"_wpcf7\" value=\"1364\" \/><input type=\"hidden\" name=\"_wpcf7_version\" value=\"6.1.4\" \/><input type=\"hidden\" name=\"_wpcf7_locale\" value=\"fr_FR\" \/><input type=\"hidden\" name=\"_wpcf7_unit_tag\" value=\"wpcf7-f1364-o1\" \/><input type=\"hidden\" name=\"_wpcf7_container_post\" value=\"0\" \/><input type=\"hidden\" name=\"_wpcf7_posted_data_hash\" value=\"\" \/>\n<\/fieldset>\n<p><label> Your Last Name (required)<br \/>\n<span class=\"wpcf7-form-control-wrap\" data-name=\"your-name\"><input size=\"40\" maxlength=\"400\" class=\"wpcf7-form-control wpcf7-text wpcf7-validates-as-required\" aria-required=\"true\" aria-invalid=\"false\" value=\"\" type=\"text\" name=\"your-name\" \/><\/span> <\/label>\n<\/p>\n<p><label> Your First Name (required)<br \/>\n<span class=\"wpcf7-form-control-wrap\" data-name=\"text-668\"><input size=\"40\" maxlength=\"400\" class=\"wpcf7-form-control wpcf7-text wpcf7-validates-as-required\" aria-required=\"true\" aria-invalid=\"false\" value=\"\" type=\"text\" name=\"text-668\" \/><\/span> <\/label>\n<\/p>\n<p><label> Your Email Adress (required)<br \/>\n<span class=\"wpcf7-form-control-wrap\" data-name=\"your-email\"><input size=\"40\" maxlength=\"400\" class=\"wpcf7-form-control wpcf7-email wpcf7-validates-as-required wpcf7-text wpcf7-validates-as-email\" aria-required=\"true\" aria-invalid=\"false\" value=\"\" type=\"email\" name=\"your-email\" \/><\/span> <\/label>\n<\/p>\n<p><label> Your Country<br \/>\n<span class=\"wpcf7-form-control-wrap\" data-name=\"menu-930\"><select class=\"wpcf7-form-control wpcf7-select wpcf7-validates-as-required\" aria-required=\"true\" aria-invalid=\"false\" name=\"menu-930\"><option value=\"United States of America\">United States of America<\/option><option value=\"Afghanistan\">Afghanistan<\/option><option value=\"Central Africa\">Central Africa<\/option><option value=\"South Africa\">South Africa<\/option><option value=\"Albania\">Albania<\/option><option value=\"Algeria\">Algeria<\/option><option value=\"Germany\">Germany<\/option><option value=\"Andorra\">Andorra<\/option><option value=\"Angola\">Angola<\/option><option value=\"Anguilla\">Anguilla<\/option><option value=\"Saudi Arabia\">Saudi Arabia<\/option><option value=\"Argentina\">Argentina<\/option><option value=\"Armenia\">Armenia<\/option><option value=\"Australia\">Australia<\/option><option value=\"Austria\">Austria<\/option><option value=\"Azerbaidjan\">Azerbaidjan<\/option><option value=\"Bahamas\">Bahamas<\/option><option value=\"Bangladesh\">Bangladesh<\/option><option value=\"Barbada\">Barbada<\/option><option value=\"Belgium\">Belgium<\/option><option value=\"Benin\">Benin<\/option><option value=\"Bermuda\">Bermuda<\/option><option value=\"Belarus\">Belarus<\/option><option value=\"Bolivia\">Bolivia<\/option><option value=\"Botswana\">Botswana<\/option><option value=\"Brazil\">Brazil<\/option><option value=\"Bulgaria\">Bulgaria<\/option><option value=\"Burkina_Faso\">Burkina_Faso<\/option><option value=\"Caiman\">Caiman<\/option><option value=\"Cambodia\">Cambodia<\/option><option value=\"Cameroon\">Cameroon<\/option><option value=\"Canada\">Canada<\/option><option value=\"Canary Islands\">Canary Islands<\/option><option value=\"Cape Verde\">Cape Verde<\/option><option value=\"Chile\">Chile<\/option><option value=\"China\">China<\/option><option value=\"Cyprus\">Cyprus<\/option><option value=\"Colombia\">Colombia<\/option><option value=\"Congo Democratic\">Congo Democratic<\/option><option value=\"South Korea\">South Korea<\/option><option value=\"Costa Rica\">Costa Rica<\/option><option value=\"Cote d&#039;Ivoire\">Cote d&#039;Ivoire<\/option><option value=\"Croatia\">Croatia<\/option><option value=\"Cuba\">Cuba<\/option><option value=\"Denmark\">Denmark<\/option><option value=\"Egypt\">Egypt<\/option><option value=\"United Arab Emirates\">United Arab Emirates<\/option><option value=\"Ecuador\">Ecuador<\/option><option value=\"Eritrea\">Eritrea<\/option><option value=\"Spain\">Spain<\/option><option value=\"United States\">United States<\/option><option value=\"Ethiopia\">Ethiopia<\/option><option value=\"Fiji\">Fiji<\/option><option value=\"Finland\">Finland<\/option><option value=\"France\">France<\/option><option value=\"Gabon\">Gabon<\/option><option value=\"Gibraltar\">Gibraltar<\/option><option value=\"Greece\">Greece<\/option><option value=\"United Arab Emirates\">United Arab Emirates<\/option><option value=\"Eritrea\">Eritrea<\/option><option value=\"Ethiopia\">Ethiopia<\/option><option value=\"Fiji\">Fiji<\/option><option value=\"Finland\">Finland<\/option><option value=\"France\">France<\/option><option value=\"Gabon\">Gabon<\/option><option value=\"Gibraltar\">Gibraltar<\/option><option value=\"Greece  Kuwait\">Greece  Kuwait<\/option><option value=\"Laos\">Laos<\/option><option value=\"Lesotho\">Lesotho<\/option><option value=\"Latvia\">Latvia<\/option><option value=\"Lebanon\">Lebanon<\/option><option value=\"Liberia\">Liberia<\/option><option value=\"Liechtenstein\">Liechtenstein<\/option><option value=\"Lithuania\">Lithuania<\/option><option value=\"Luxembourg\">Luxembourg<\/option><option value=\"Libya\">Libya<\/option><option value=\"Macao\">Macao<\/option><option value=\"Macedonia\">Macedonia<\/option><option value=\"Madagascar\">Madagascar<\/option><option value=\"Malaysia\">Malaysia<\/option><option value=\"Malawi\">Malawi<\/option><option value=\"Maldives\">Maldives<\/option><option value=\"Maldives\">Maldives<\/option><option value=\"Mali\">Mali<\/option><option value=\"Malta\">Malta<\/option><option value=\"Morocco\">Morocco<\/option><option value=\"Mauritius\">Mauritius<\/option><option value=\"Mauritania\">Mauritania<\/option><option value=\"Mayotte\">Mayotte<\/option><option value=\"Mexico\">Mexico<\/option><option value=\"Mexico Moldova\">Mexico Moldova<\/option><option value=\"Monaco\">Monaco<\/option><option value=\"Mongolia\">Mongolia<\/option><option value=\"Montserrat\">Montserrat<\/option><option value=\"Mozambique\">Mozambique<\/option><option value=\"Namibia\">Namibia<\/option><option value=\"Nepal\">Nepal<\/option><option value=\"Nicaragua\">Nicaragua<\/option><option value=\"Niger\">Niger<\/option><option value=\"Nigeria\">Nigeria<\/option><option value=\"Norway\">Norway<\/option><option value=\"New Zealand\">New Zealand<\/option><option value=\"Uganda\">Uganda<\/option><option value=\"Uzbekistan\">Uzbekistan<\/option><option value=\"Pakistan\">Pakistan<\/option><option value=\"Palestine\">Palestine<\/option><option value=\"Panama\">Panama<\/option><option value=\"New Guinea\">New Guinea<\/option><option value=\"Paraguay\">Paraguay<\/option><option value=\"The Netherlands\">The Netherlands<\/option><option value=\"Moldova\">Moldova<\/option><option value=\"Monaco\">Monaco<\/option><option value=\"Mongolia\">Mongolia<\/option><option value=\"Montserrat\">Montserrat<\/option><option value=\"Mozambique\">Mozambique<\/option><option value=\"Namibia\">Namibia<\/option><option value=\"Nepal\">Nepal<\/option><option value=\"Nicaragua\">Nicaragua<\/option><option value=\"Niger\">Niger<\/option><option value=\"Nigeria\">Nigeria<\/option><option value=\"Norway\">Norway<\/option><option value=\"New Zealand\">New Zealand<\/option><option value=\"Uganda\">Uganda<\/option><option value=\"Uzbekistan\">Uzbekistan<\/option><option value=\"Pakistan\">Pakistan<\/option><option value=\"Palestine\">Palestine<\/option><option value=\"Panama\">Panama<\/option><option value=\"New Guinea\">New Guinea<\/option><option value=\"Paraguay\">Paraguay<\/option><option value=\"The Netherlands\">The Netherlands<\/option><option value=\"Moldova\">Moldova<\/option><option value=\"Monaco\">Monaco<\/option><option value=\"Mongolia\">Mongolia<\/option><option value=\"Montserrat\">Montserrat<\/option><option value=\"Mozambique\">Mozambique<\/option><option value=\"Namibia\">Namibia<\/option><option value=\"Nepal\">Nepal<\/option><option value=\"Nicaragua\">Nicaragua<\/option><option value=\"Niger\">Niger<\/option><option value=\"Nigeria\">Nigeria<\/option><option value=\"Norway\">Norway<\/option><option value=\"Peru\">Peru<\/option><option value=\"Philippines\">Philippines<\/option><option value=\"Poland\">Poland<\/option><option value=\"Polynesia\">Polynesia<\/option><option value=\"Puerto_Rico\">Puerto_Rico<\/option><option value=\"Portugal\">Portugal<\/option><option value=\"Qatar\">Qatar<\/option><option value=\"Dominican Republic\">Dominican Republic<\/option><option value=\"Czech Republic\">Czech Republic<\/option><option value=\"Romania\">Romania<\/option><option value=\"United Kingdom\">United Kingdom<\/option><option value=\"Russia\">Russia<\/option><option value=\"Rwanda\">Rwanda<\/option><option value=\"El Salvador\">El Salvador<\/option><option value=\"Senegal\">Senegal<\/option><option value=\"Seychelles\">Seychelles<\/option><option value=\"Sierra Leone\">Sierra Leone<\/option><option value=\"Singapore\">Singapore<\/option><option value=\"Slovakia\">Slovakia<\/option><option value=\"United Kingdom\">United Kingdom<\/option><option value=\"Russia\">Russia<\/option><option value=\"Rwanda\">Rwanda<\/option><option value=\"El Salvador\">El Salvador<\/option><option value=\"Senegal\">Senegal<\/option><option value=\"Seychelles\">Seychelles<\/option><option value=\"Sierra Leone\">Sierra Leone<\/option><option value=\"Singapore\">Singapore<\/option><option value=\"Slovakia\">Slovakia<\/option><option value=\"Slovenia\">Slovenia<\/option><option value=\"Somalia\">Somalia<\/option><option value=\"Sudan\">Sudan<\/option><option value=\"Sri Lanka\">Sri Lanka<\/option><option value=\"Sweden\">Sweden<\/option><option value=\"Switzerland\">Switzerland<\/option><option value=\"Syria\">Syria<\/option><option value=\"Taiwan\">Taiwan<\/option><option value=\"Tonga\">Tonga<\/option><option value=\"Tanzania\">Tanzania<\/option><option value=\"Chad\">Chad<\/option><option value=\"Thailand\">Thailand<\/option><option value=\"Tibet\">Tibet<\/option><option value=\"Togo\">Togo<\/option><option value=\"Tunisia\">Tunisia<\/option><option value=\"Turkey\">Turkey<\/option><option value=\"Ukraine\">Ukraine<\/option><option value=\"Uruguay\">Uruguay<\/option><option value=\"Venezuela\">Venezuela<\/option><option value=\"Vietnam\">Vietnam<\/option><option value=\"Yemen\">Yemen<\/option><option value=\"Yugoslavia\">Yugoslavia<\/option><option value=\"Zambia\">Zambia<\/option><option value=\"Zimbabwe\">Zimbabwe<\/option><option value=\"Zimbabwe\">Zimbabwe<\/option><\/select><\/span><\/label>\n<\/p>\n<p><label> Duration of your stay: <\/label>\n<\/p>\n<p><label> Trip's beginning:<br \/>\n<span class=\"wpcf7-form-control-wrap\" data-name=\"Dbutdevotresjour\"><input class=\"wpcf7-form-control wpcf7-date wpcf7-validates-as-date\" aria-invalid=\"false\" value=\"D\u00e9but de votre s\u00e9jour\" type=\"date\" name=\"Dbutdevotresjour\" \/><\/span><\/label>\n<\/p>\n<p><label> Trip's end:<br \/>\n<span class=\"wpcf7-form-control-wrap\" data-name=\"Dbutdevotresjour\"><input class=\"wpcf7-form-control wpcf7-date wpcf7-validates-as-date\" aria-invalid=\"false\" value=\"Fin de vote s\u00e9jour\" type=\"date\" name=\"Dbutdevotresjour\" \/><\/span><\/label>\n<\/p>\n<p><label> Subject (require):<br \/>\n<span class=\"wpcf7-form-control-wrap\" data-name=\"your-subject\"><input size=\"40\" maxlength=\"400\" class=\"wpcf7-form-control wpcf7-text wpcf7-validates-as-required\" aria-required=\"true\" aria-invalid=\"false\" value=\"\" type=\"text\" name=\"your-subject\" \/><\/span> <\/label>\n<\/p>\n<p><label> Your message (require):<br \/>\n<span class=\"wpcf7-form-control-wrap\" data-name=\"your-message\"><textarea cols=\"40\" rows=\"10\" maxlength=\"2000\" class=\"wpcf7-form-control wpcf7-textarea wpcf7-validates-as-required\" aria-required=\"true\" aria-invalid=\"false\" name=\"your-message\"><\/textarea><\/span> <\/label>\n<\/p>\n<p><input class=\"wpcf7-form-control wpcf7-submit has-spinner\" type=\"submit\" value=\"Send\" \/>\n<\/p><div class=\"wpcf7-response-output\" aria-hidden=\"true\"><\/div>\n<\/form>\n<\/div>\n<\/div>\n\t\t\t\t\t\t<\/div>\n\t\t\t\t<\/div>\n\t\t\t\t\t<\/div>\n\t\t<\/div>\n\t\t\t\t\t<\/div>\n\t\t<\/section>\n\t\t\t\t<\/div>\n\t\t","protected":false},"excerpt":{"rendered":"<p>Vous avez une question? Vous d\u00e9sirez en savoir plus sur Un Caf\u00e9 Fran\u00e7ais ? Des renseignements sur nos groupes de conversations et nos ateliers ? Un projet particulier durant votre&hellip; <br \/> <a class=\"read-more\" href=\"https:\/\/uncafefrancais.com\/en\/contact\/\">Read more<\/a><\/p>\n","protected":false},"author":0,"featured_media":0,"parent":0,"menu_order":0,"comment_status":"closed","ping_status":"closed","template":"","meta":{"_price":"","_stock":"","_tribe_ticket_header":"","_tribe_default_ticket_provider":"","_tribe_ticket_capacity":"0","_ticket_start_date":"","_ticket_end_date":"","_tribe_ticket_show_description":"","_tribe_ticket_show_not_going":false,"_tribe_ticket_use_global_stock":"","_tribe_ticket_global_stock_level":"","_global_stock_mode":"","_global_stock_cap":"","_tribe_rsvp_for_event":"","_tribe_ticket_going_count":"","_tribe_ticket_not_going_count":"","_tribe_tickets_list":"[]","_tribe_ticket_has_attendee_info_fields":false,"footnotes":"","_tec_slr_enabled":"","_tec_slr_layout":""},"class_list":["post-1361","page","type-page","status-publish","hentry"],"yoast_head":"<!-- This site is optimized with the Yoast SEO plugin v27.4 - https:\/\/yoast.com\/product\/yoast-seo-wordpress\/ -->\n<title>Contact Us | Ask any questions about how to learn French around Paris<\/title>\n<meta name=\"description\" content=\"Tell us about your travel projects or ask us some questions about our activities. We\u2019ll guide you to the best possible solution to learn French in Paris.\" \/>\n<meta name=\"robots\" content=\"index, follow, max-snippet:-1, max-image-preview:large, max-video-preview:-1\" \/>\n<link rel=\"canonical\" href=\"https:\/\/uncafefrancais.com\/contact\/\" \/>\n<meta property=\"og:locale\" content=\"en_US\" \/>\n<meta property=\"og:type\" content=\"article\" \/>\n<meta property=\"og:title\" content=\"{:en}Contact Us | Ask any questions about how to learn French around Paris{:}{:fr}Contactez-nous | Poser des questions sur nos activit\u00e9s{:}\" \/>\n<meta property=\"og:description\" content=\"{:en}Tell us about your travel projects or ask us some questions about our activities. We\u2019ll guide you to the best possible solution to learn French in Paris.{:}{:fr}Parlez-nous de vos projets de s\u00e9jour, posez vos questions sur nos activit\u00e9s. Nous vous proposerons les meilleures solutions pour apprendre le fran\u00e7ais \u00e0 Paris.{:}\" \/>\n<meta property=\"og:url\" content=\"https:\/\/uncafefrancais.com\/contact\/\" \/>\n<meta property=\"og:site_name\" content=\"Un Caf\u00e9 Fran\u00e7ais\" \/>\n<meta property=\"article:modified_time\" content=\"2020-12-02T17:57:45+00:00\" \/>\n<meta name=\"twitter:card\" content=\"summary_large_image\" \/>\n<script type=\"application\/ld+json\" class=\"yoast-schema-graph\">{\"@context\":\"https:\\\/\\\/schema.org\",\"@graph\":[{\"@type\":\"WebPage\",\"@id\":\"https:\\\/\\\/uncafefrancais.com\\\/contact\\\/\",\"url\":\"https:\\\/\\\/uncafefrancais.com\\\/contact\\\/\",\"name\":\"{:en}Contact Us | Ask any questions about how to learn French around Paris{:}{:fr}Contactez-nous | Poser des questions sur nos activit\u00e9s{:}\",\"isPartOf\":{\"@id\":\"https:\\\/\\\/uncafefrancais.com\\\/#website\"},\"datePublished\":\"2019-12-18T15:50:31+00:00\",\"dateModified\":\"2020-12-02T17:57:45+00:00\",\"description\":\"{:en}Tell us about your travel projects or ask us some questions about our activities. We\u2019ll guide you to the best possible solution to learn French in Paris.{:}{:fr}Parlez-nous de vos projets de s\u00e9jour, posez vos questions sur nos activit\u00e9s. Nous vous proposerons les meilleures solutions pour apprendre le fran\u00e7ais \u00e0 Paris.{:}\",\"breadcrumb\":{\"@id\":\"https:\\\/\\\/uncafefrancais.com\\\/contact\\\/#breadcrumb\"},\"inLanguage\":\"en-US\",\"potentialAction\":[{\"@type\":\"ReadAction\",\"target\":[\"https:\\\/\\\/uncafefrancais.com\\\/contact\\\/\"]}]},{\"@type\":\"BreadcrumbList\",\"@id\":\"https:\\\/\\\/uncafefrancais.com\\\/contact\\\/#breadcrumb\",\"itemListElement\":[{\"@type\":\"ListItem\",\"position\":1,\"name\":\"Accueil\",\"item\":\"https:\\\/\\\/uncafefrancais.com\\\/\"},{\"@type\":\"ListItem\",\"position\":2,\"name\":\"Contact\"}]},{\"@type\":\"WebSite\",\"@id\":\"https:\\\/\\\/uncafefrancais.com\\\/#website\",\"url\":\"https:\\\/\\\/uncafefrancais.com\\\/\",\"name\":\"Un Caf\u00e9 Fran\u00e7ais\",\"description\":\"Best way to learn French!\",\"publisher\":{\"@id\":\"https:\\\/\\\/uncafefrancais.com\\\/#organization\"},\"potentialAction\":[{\"@type\":\"SearchAction\",\"target\":{\"@type\":\"EntryPoint\",\"urlTemplate\":\"https:\\\/\\\/uncafefrancais.com\\\/?s={search_term_string}\"},\"query-input\":{\"@type\":\"PropertyValueSpecification\",\"valueRequired\":true,\"valueName\":\"search_term_string\"}}],\"inLanguage\":\"en-US\"},{\"@type\":\"Organization\",\"@id\":\"https:\\\/\\\/uncafefrancais.com\\\/#organization\",\"name\":\"Un Caf\u00e9 Fran\u00e7ais\",\"url\":\"https:\\\/\\\/uncafefrancais.com\\\/\",\"logo\":{\"@type\":\"ImageObject\",\"inLanguage\":\"en-US\",\"@id\":\"https:\\\/\\\/uncafefrancais.com\\\/#\\\/schema\\\/logo\\\/image\\\/\",\"url\":\"https:\\\/\\\/uncafefrancais.com\\\/wp-content\\\/uploads\\\/2020\\\/03\\\/2018-Logo-UCF-txt-Noirbline.png\",\"contentUrl\":\"https:\\\/\\\/uncafefrancais.com\\\/wp-content\\\/uploads\\\/2020\\\/03\\\/2018-Logo-UCF-txt-Noirbline.png\",\"width\":500,\"height\":397,\"caption\":\"Un Caf\u00e9 Fran\u00e7ais\"},\"image\":{\"@id\":\"https:\\\/\\\/uncafefrancais.com\\\/#\\\/schema\\\/logo\\\/image\\\/\"}}]}<\/script>\n<!-- \/ Yoast SEO plugin. -->","yoast_head_json":{"title":"Contact Us | Ask any questions about how to learn French around Paris","description":"Tell us about your travel projects or ask us some questions about our activities. We\u2019ll guide you to the best possible solution to learn French in Paris.","robots":{"index":"index","follow":"follow","max-snippet":"max-snippet:-1","max-image-preview":"max-image-preview:large","max-video-preview":"max-video-preview:-1"},"canonical":"https:\/\/uncafefrancais.com\/contact\/","og_locale":"en_US","og_type":"article","og_title":"{:en}Contact Us | Ask any questions about how to learn French around Paris{:}{:fr}Contactez-nous | Poser des questions sur nos activit\u00e9s{:}","og_description":"{:en}Tell us about your travel projects or ask us some questions about our activities. We\u2019ll guide you to the best possible solution to learn French in Paris.{:}{:fr}Parlez-nous de vos projets de s\u00e9jour, posez vos questions sur nos activit\u00e9s. Nous vous proposerons les meilleures solutions pour apprendre le fran\u00e7ais \u00e0 Paris.{:}","og_url":"https:\/\/uncafefrancais.com\/contact\/","og_site_name":"Un Caf\u00e9 Fran\u00e7ais","article_modified_time":"2020-12-02T17:57:45+00:00","twitter_card":"summary_large_image","schema":{"@context":"https:\/\/schema.org","@graph":[{"@type":"WebPage","@id":"https:\/\/uncafefrancais.com\/contact\/","url":"https:\/\/uncafefrancais.com\/contact\/","name":"{:en}Contact Us | Ask any questions about how to learn French around Paris{:}{:fr}Contactez-nous | Poser des questions sur nos activit\u00e9s{:}","isPartOf":{"@id":"https:\/\/uncafefrancais.com\/#website"},"datePublished":"2019-12-18T15:50:31+00:00","dateModified":"2020-12-02T17:57:45+00:00","description":"{:en}Tell us about your travel projects or ask us some questions about our activities. We\u2019ll guide you to the best possible solution to learn French in Paris.{:}{:fr}Parlez-nous de vos projets de s\u00e9jour, posez vos questions sur nos activit\u00e9s. Nous vous proposerons les meilleures solutions pour apprendre le fran\u00e7ais \u00e0 Paris.{:}","breadcrumb":{"@id":"https:\/\/uncafefrancais.com\/contact\/#breadcrumb"},"inLanguage":"en-US","potentialAction":[{"@type":"ReadAction","target":["https:\/\/uncafefrancais.com\/contact\/"]}]},{"@type":"BreadcrumbList","@id":"https:\/\/uncafefrancais.com\/contact\/#breadcrumb","itemListElement":[{"@type":"ListItem","position":1,"name":"Accueil","item":"https:\/\/uncafefrancais.com\/"},{"@type":"ListItem","position":2,"name":"Contact"}]},{"@type":"WebSite","@id":"https:\/\/uncafefrancais.com\/#website","url":"https:\/\/uncafefrancais.com\/","name":"Un Caf\u00e9 Fran\u00e7ais","description":"Best way to learn French!","publisher":{"@id":"https:\/\/uncafefrancais.com\/#organization"},"potentialAction":[{"@type":"SearchAction","target":{"@type":"EntryPoint","urlTemplate":"https:\/\/uncafefrancais.com\/?s={search_term_string}"},"query-input":{"@type":"PropertyValueSpecification","valueRequired":true,"valueName":"search_term_string"}}],"inLanguage":"en-US"},{"@type":"Organization","@id":"https:\/\/uncafefrancais.com\/#organization","name":"Un Caf\u00e9 Fran\u00e7ais","url":"https:\/\/uncafefrancais.com\/","logo":{"@type":"ImageObject","inLanguage":"en-US","@id":"https:\/\/uncafefrancais.com\/#\/schema\/logo\/image\/","url":"https:\/\/uncafefrancais.com\/wp-content\/uploads\/2020\/03\/2018-Logo-UCF-txt-Noirbline.png","contentUrl":"https:\/\/uncafefrancais.com\/wp-content\/uploads\/2020\/03\/2018-Logo-UCF-txt-Noirbline.png","width":500,"height":397,"caption":"Un Caf\u00e9 Fran\u00e7ais"},"image":{"@id":"https:\/\/uncafefrancais.com\/#\/schema\/logo\/image\/"}}]}},"ticketed":false,"_links":{"self":[{"href":"https:\/\/uncafefrancais.com\/en\/wp-json\/wp\/v2\/pages\/1361","targetHints":{"allow":["GET"]}}],"collection":[{"href":"https:\/\/uncafefrancais.com\/en\/wp-json\/wp\/v2\/pages"}],"about":[{"href":"https:\/\/uncafefrancais.com\/en\/wp-json\/wp\/v2\/types\/page"}],"replies":[{"embeddable":true,"href":"https:\/\/uncafefrancais.com\/en\/wp-json\/wp\/v2\/comments?post=1361"}],"version-history":[{"count":0,"href":"https:\/\/uncafefrancais.com\/en\/wp-json\/wp\/v2\/pages\/1361\/revisions"}],"wp:attachment":[{"href":"https:\/\/uncafefrancais.com\/en\/wp-json\/wp\/v2\/media?parent=1361"}],"curies":[{"name":"wp","href":"https:\/\/api.w.org\/{rel}","templated":true}]}}