{"id":369,"date":"2019-11-01T21:24:39","date_gmt":"2019-11-01T20:24:39","guid":{"rendered":"https:\/\/uncafefrancais.com\/mon-compte\/-old"},"modified":"2021-07-09T00:16:13","modified_gmt":"2021-07-08T22:16:13","slug":"mon-compte","status":"publish","type":"page","link":"https:\/\/uncafefrancais.com\/en\/mon-compte\/","title":{"rendered":"My Account"},"content":{"rendered":"\t\t<div data-elementor-type=\"wp-page\" data-elementor-id=\"369\" class=\"elementor elementor-369\">\n\t\t\t\t\t\t<section class=\"elementor-section elementor-top-section elementor-element elementor-element-402a848 elementor-section-boxed elementor-section-height-default elementor-section-height-default\" data-id=\"402a848\" data-element_type=\"section\" data-settings=\"{&quot;background_background&quot;:&quot;classic&quot;}\">\n\t\t\t\t\t\t\t<div class=\"elementor-background-overlay\"><\/div>\n\t\t\t\t\t\t\t<div class=\"elementor-container elementor-column-gap-default\">\n\t\t\t\t\t<div class=\"elementor-column elementor-col-100 elementor-top-column elementor-element elementor-element-c9888aa\" data-id=\"c9888aa\" data-element_type=\"column\">\n\t\t\t<div class=\"elementor-widget-wrap elementor-element-populated\">\n\t\t\t\t\t\t<div class=\"elementor-element elementor-element-cf3409d elementor-widget elementor-widget-spacer\" data-id=\"cf3409d\" data-element_type=\"widget\" data-widget_type=\"spacer.default\">\n\t\t\t\t<div class=\"elementor-widget-container\">\n\t\t\t\t\t\t\t<div class=\"elementor-spacer\">\n\t\t\t<div class=\"elementor-spacer-inner\"><\/div>\n\t\t<\/div>\n\t\t\t\t\t\t<\/div>\n\t\t\t\t<\/div>\n\t\t\t\t<div class=\"elementor-element elementor-element-17416aa elementor-widget elementor-widget-spacer\" data-id=\"17416aa\" data-element_type=\"widget\" data-widget_type=\"spacer.default\">\n\t\t\t\t<div class=\"elementor-widget-container\">\n\t\t\t\t\t\t\t<div class=\"elementor-spacer\">\n\t\t\t<div class=\"elementor-spacer-inner\"><\/div>\n\t\t<\/div>\n\t\t\t\t\t\t<\/div>\n\t\t\t\t<\/div>\n\t\t\t\t<div class=\"elementor-element elementor-element-739c5b4 elementor-widget elementor-widget-text-editor\" data-id=\"739c5b4\" data-element_type=\"widget\" data-widget_type=\"text-editor.default\">\n\t\t\t\t<div class=\"elementor-widget-container\">\n\t\t\t\t\t\t\t\t\t<p style=\"text-align: center;\"> From here, book your<em><strong><a href=\"https:\/\/uncafefrancais.com\/mon-compte\/rdvprives\/\"> private meet ups<\/a><\/strong><\/em> or enjoy a lovely time in our <a href=\"https:\/\/uncafefrancais.com\/salon-prive\/\"><strong><em>salon<\/em><\/strong>.<\/a> Take a musical break with our playlist, review some French concepts using exercises, follow the news from the french newspapers (coming soon) or work on your oral comprehension by listening to videos or podcasts&#8230; Finally, a break like at the caf\u00e9!<\/p>\t\t\t\t\t\t\t\t<\/div>\n\t\t\t\t<\/div>\n\t\t\t\t<div class=\"elementor-element elementor-element-1c7c120 elementor-widget elementor-widget-spacer\" data-id=\"1c7c120\" data-element_type=\"widget\" data-widget_type=\"spacer.default\">\n\t\t\t\t<div class=\"elementor-widget-container\">\n\t\t\t\t\t\t\t<div class=\"elementor-spacer\">\n\t\t\t<div class=\"elementor-spacer-inner\"><\/div>\n\t\t<\/div>\n\t\t\t\t\t\t<\/div>\n\t\t\t\t<\/div>\n\t\t\t\t<div class=\"elementor-element elementor-element-95d4021 elementor-widget__width-initial elementor-widget elementor-widget-shortcode\" data-id=\"95d4021\" data-element_type=\"widget\" data-widget_type=\"shortcode.default\">\n\t\t\t\t<div class=\"elementor-widget-container\">\n\t\t\t\t\t\t\t<div class=\"elementor-shortcode\">[woocommerce_my_account]<\/div>\n\t\t\t\t\t\t<\/div>\n\t\t\t\t<\/div>\n\t\t\t\t<div class=\"elementor-element elementor-element-6ff06eb elementor-widget elementor-widget-spacer\" data-id=\"6ff06eb\" data-element_type=\"widget\" data-widget_type=\"spacer.default\">\n\t\t\t\t<div class=\"elementor-widget-container\">\n\t\t\t\t\t\t\t<div class=\"elementor-spacer\">\n\t\t\t<div class=\"elementor-spacer-inner\"><\/div>\n\t\t<\/div>\n\t\t\t\t\t\t<\/div>\n\t\t\t\t<\/div>\n\t\t\t\t\t<\/div>\n\t\t<\/div>\n\t\t\t\t\t<\/div>\n\t\t<\/section>\n\t\t\t\t<\/div>\n\t\t","protected":false},"excerpt":{"rendered":"<p>From here, book your private meet ups or enjoy a lovely time in our salon. Take a musical break with our playlist, review some French concepts using exercises, follow the&hellip; <br \/> <a class=\"read-more\" href=\"https:\/\/uncafefrancais.com\/en\/mon-compte\/\">Read more<\/a><\/p>\n","protected":false},"author":0,"featured_media":0,"parent":0,"menu_order":0,"comment_status":"open","ping_status":"closed","template":"elementor_header_footer","meta":{"_price":"","_stock":"","_tribe_ticket_header":"","_tribe_default_ticket_provider":"","_tribe_ticket_capacity":"","_ticket_start_date":"","_ticket_end_date":"","_tribe_ticket_show_description":"","_tribe_ticket_show_not_going":false,"_tribe_ticket_use_global_stock":"","_tribe_ticket_global_stock_level":"","_global_stock_mode":"","_global_stock_cap":"","_tribe_rsvp_for_event":"","_tribe_ticket_going_count":"","_tribe_ticket_not_going_count":"","_tribe_tickets_list":"[]","_tribe_ticket_has_attendee_info_fields":false,"footnotes":"","_tec_slr_enabled":"","_tec_slr_layout":""},"class_list":["post-369","page","type-page","status-publish","hentry"],"yoast_head":"<!-- This site is optimized with the Yoast SEO plugin v27.4 - https:\/\/yoast.com\/product\/yoast-seo-wordpress\/ -->\n<title>My Account | Un Caf\u00e9 Fran\u00e7ais<\/title>\n<meta name=\"description\" content=\"Depuis cette page, vous pouvez prendre vos rendez-vous priv\u00e9s ou juste faire un tour dans le salon, pour en d\u00e9couvrir plus sur la culture fran\u00e7aise.\" \/>\n<meta name=\"robots\" content=\"index, follow, max-snippet:-1, max-image-preview:large, max-video-preview:-1\" \/>\n<link rel=\"canonical\" href=\"https:\/\/uncafefrancais.com\/mon-compte\/\" \/>\n<meta property=\"og:locale\" content=\"en_US\" \/>\n<meta property=\"og:type\" content=\"article\" \/>\n<meta property=\"og:title\" content=\"My Account | Un Caf\u00e9 Fran\u00e7ais\" \/>\n<meta property=\"og:description\" content=\"Depuis cette page, vous pouvez prendre vos rendez-vous priv\u00e9s ou juste faire un tour dans le salon, pour en d\u00e9couvrir plus sur la culture fran\u00e7aise.\" \/>\n<meta property=\"og:url\" content=\"https:\/\/uncafefrancais.com\/mon-compte\/\" \/>\n<meta property=\"og:site_name\" content=\"Un Caf\u00e9 Fran\u00e7ais\" \/>\n<meta property=\"article:modified_time\" content=\"2021-07-08T22:16:13+00:00\" \/>\n<meta name=\"twitter:card\" content=\"summary_large_image\" \/>\n<script type=\"application\/ld+json\" class=\"yoast-schema-graph\">{\"@context\":\"https:\\\/\\\/schema.org\",\"@graph\":[{\"@type\":\"WebPage\",\"@id\":\"https:\\\/\\\/uncafefrancais.com\\\/mon-compte\\\/\",\"url\":\"https:\\\/\\\/uncafefrancais.com\\\/mon-compte\\\/\",\"name\":\"My Account | Un Caf\u00e9 Fran\u00e7ais\",\"isPartOf\":{\"@id\":\"https:\\\/\\\/uncafefrancais.com\\\/#website\"},\"datePublished\":\"2019-11-01T20:24:39+00:00\",\"dateModified\":\"2021-07-08T22:16:13+00:00\",\"description\":\"Depuis cette page, vous pouvez prendre vos rendez-vous priv\u00e9s ou juste faire un tour dans le salon, pour en d\u00e9couvrir plus sur la culture fran\u00e7aise.\",\"breadcrumb\":{\"@id\":\"https:\\\/\\\/uncafefrancais.com\\\/mon-compte\\\/#breadcrumb\"},\"inLanguage\":\"en-US\",\"potentialAction\":[{\"@type\":\"ReadAction\",\"target\":[\"https:\\\/\\\/uncafefrancais.com\\\/mon-compte\\\/\"]}]},{\"@type\":\"BreadcrumbList\",\"@id\":\"https:\\\/\\\/uncafefrancais.com\\\/mon-compte\\\/#breadcrumb\",\"itemListElement\":[{\"@type\":\"ListItem\",\"position\":1,\"name\":\"Accueil\",\"item\":\"https:\\\/\\\/uncafefrancais.com\\\/\"},{\"@type\":\"ListItem\",\"position\":2,\"name\":\"Mon compte\"}]},{\"@type\":\"WebSite\",\"@id\":\"https:\\\/\\\/uncafefrancais.com\\\/#website\",\"url\":\"https:\\\/\\\/uncafefrancais.com\\\/\",\"name\":\"Un Caf\u00e9 Fran\u00e7ais\",\"description\":\"Best way to learn French!\",\"publisher\":{\"@id\":\"https:\\\/\\\/uncafefrancais.com\\\/#organization\"},\"potentialAction\":[{\"@type\":\"SearchAction\",\"target\":{\"@type\":\"EntryPoint\",\"urlTemplate\":\"https:\\\/\\\/uncafefrancais.com\\\/?s={search_term_string}\"},\"query-input\":{\"@type\":\"PropertyValueSpecification\",\"valueRequired\":true,\"valueName\":\"search_term_string\"}}],\"inLanguage\":\"en-US\"},{\"@type\":\"Organization\",\"@id\":\"https:\\\/\\\/uncafefrancais.com\\\/#organization\",\"name\":\"Un Caf\u00e9 Fran\u00e7ais\",\"url\":\"https:\\\/\\\/uncafefrancais.com\\\/\",\"logo\":{\"@type\":\"ImageObject\",\"inLanguage\":\"en-US\",\"@id\":\"https:\\\/\\\/uncafefrancais.com\\\/#\\\/schema\\\/logo\\\/image\\\/\",\"url\":\"https:\\\/\\\/uncafefrancais.com\\\/wp-content\\\/uploads\\\/2020\\\/03\\\/2018-Logo-UCF-txt-Noirbline.png\",\"contentUrl\":\"https:\\\/\\\/uncafefrancais.com\\\/wp-content\\\/uploads\\\/2020\\\/03\\\/2018-Logo-UCF-txt-Noirbline.png\",\"width\":500,\"height\":397,\"caption\":\"Un Caf\u00e9 Fran\u00e7ais\"},\"image\":{\"@id\":\"https:\\\/\\\/uncafefrancais.com\\\/#\\\/schema\\\/logo\\\/image\\\/\"}}]}<\/script>\n<!-- \/ Yoast SEO plugin. -->","yoast_head_json":{"title":"My Account | Un Caf\u00e9 Fran\u00e7ais","description":"Depuis cette page, vous pouvez prendre vos rendez-vous priv\u00e9s ou juste faire un tour dans le salon, pour en d\u00e9couvrir plus sur la culture fran\u00e7aise.","robots":{"index":"index","follow":"follow","max-snippet":"max-snippet:-1","max-image-preview":"max-image-preview:large","max-video-preview":"max-video-preview:-1"},"canonical":"https:\/\/uncafefrancais.com\/mon-compte\/","og_locale":"en_US","og_type":"article","og_title":"My Account | Un Caf\u00e9 Fran\u00e7ais","og_description":"Depuis cette page, vous pouvez prendre vos rendez-vous priv\u00e9s ou juste faire un tour dans le salon, pour en d\u00e9couvrir plus sur la culture fran\u00e7aise.","og_url":"https:\/\/uncafefrancais.com\/mon-compte\/","og_site_name":"Un Caf\u00e9 Fran\u00e7ais","article_modified_time":"2021-07-08T22:16:13+00:00","twitter_card":"summary_large_image","schema":{"@context":"https:\/\/schema.org","@graph":[{"@type":"WebPage","@id":"https:\/\/uncafefrancais.com\/mon-compte\/","url":"https:\/\/uncafefrancais.com\/mon-compte\/","name":"My Account | Un Caf\u00e9 Fran\u00e7ais","isPartOf":{"@id":"https:\/\/uncafefrancais.com\/#website"},"datePublished":"2019-11-01T20:24:39+00:00","dateModified":"2021-07-08T22:16:13+00:00","description":"Depuis cette page, vous pouvez prendre vos rendez-vous priv\u00e9s ou juste faire un tour dans le salon, pour en d\u00e9couvrir plus sur la culture fran\u00e7aise.","breadcrumb":{"@id":"https:\/\/uncafefrancais.com\/mon-compte\/#breadcrumb"},"inLanguage":"en-US","potentialAction":[{"@type":"ReadAction","target":["https:\/\/uncafefrancais.com\/mon-compte\/"]}]},{"@type":"BreadcrumbList","@id":"https:\/\/uncafefrancais.com\/mon-compte\/#breadcrumb","itemListElement":[{"@type":"ListItem","position":1,"name":"Accueil","item":"https:\/\/uncafefrancais.com\/"},{"@type":"ListItem","position":2,"name":"Mon compte"}]},{"@type":"WebSite","@id":"https:\/\/uncafefrancais.com\/#website","url":"https:\/\/uncafefrancais.com\/","name":"Un Caf\u00e9 Fran\u00e7ais","description":"Best way to learn French!","publisher":{"@id":"https:\/\/uncafefrancais.com\/#organization"},"potentialAction":[{"@type":"SearchAction","target":{"@type":"EntryPoint","urlTemplate":"https:\/\/uncafefrancais.com\/?s={search_term_string}"},"query-input":{"@type":"PropertyValueSpecification","valueRequired":true,"valueName":"search_term_string"}}],"inLanguage":"en-US"},{"@type":"Organization","@id":"https:\/\/uncafefrancais.com\/#organization","name":"Un Caf\u00e9 Fran\u00e7ais","url":"https:\/\/uncafefrancais.com\/","logo":{"@type":"ImageObject","inLanguage":"en-US","@id":"https:\/\/uncafefrancais.com\/#\/schema\/logo\/image\/","url":"https:\/\/uncafefrancais.com\/wp-content\/uploads\/2020\/03\/2018-Logo-UCF-txt-Noirbline.png","contentUrl":"https:\/\/uncafefrancais.com\/wp-content\/uploads\/2020\/03\/2018-Logo-UCF-txt-Noirbline.png","width":500,"height":397,"caption":"Un Caf\u00e9 Fran\u00e7ais"},"image":{"@id":"https:\/\/uncafefrancais.com\/#\/schema\/logo\/image\/"}}]}},"ticketed":false,"_links":{"self":[{"href":"https:\/\/uncafefrancais.com\/en\/wp-json\/wp\/v2\/pages\/369","targetHints":{"allow":["GET"]}}],"collection":[{"href":"https:\/\/uncafefrancais.com\/en\/wp-json\/wp\/v2\/pages"}],"about":[{"href":"https:\/\/uncafefrancais.com\/en\/wp-json\/wp\/v2\/types\/page"}],"replies":[{"embeddable":true,"href":"https:\/\/uncafefrancais.com\/en\/wp-json\/wp\/v2\/comments?post=369"}],"version-history":[{"count":0,"href":"https:\/\/uncafefrancais.com\/en\/wp-json\/wp\/v2\/pages\/369\/revisions"}],"wp:attachment":[{"href":"https:\/\/uncafefrancais.com\/en\/wp-json\/wp\/v2\/media?parent=369"}],"curies":[{"name":"wp","href":"https:\/\/api.w.org\/{rel}","templated":true}]}}