{"id":4928,"date":"2020-03-15T10:25:46","date_gmt":"2020-03-15T09:25:46","guid":{"rendered":"https:\/\/uncafefrancais.com\/?page_id=4928"},"modified":"2021-09-02T13:11:57","modified_gmt":"2021-09-02T11:11:57","slug":"nosforfaits","status":"publish","type":"page","link":"https:\/\/uncafefrancais.com\/en\/nosforfaits\/","title":{"rendered":"Our Packages"},"content":{"rendered":"You must be logged in to view this content.","protected":false},"excerpt":{"rendered":"You must be logged in to view this content.","protected":false},"author":4,"featured_media":0,"parent":0,"menu_order":0,"comment_status":"closed","ping_status":"closed","template":"","meta":{"_price":"","_stock":"","_tribe_ticket_header":"","_tribe_default_ticket_provider":"","_tribe_ticket_capacity":"","_ticket_start_date":"","_ticket_end_date":"","_tribe_ticket_show_description":"","_tribe_ticket_show_not_going":false,"_tribe_ticket_use_global_stock":"","_tribe_ticket_global_stock_level":"","_global_stock_mode":"","_global_stock_cap":"","_tribe_rsvp_for_event":"","_tribe_ticket_going_count":"","_tribe_ticket_not_going_count":"","_tribe_tickets_list":"[]","_tribe_ticket_has_attendee_info_fields":false,"footnotes":"","_tec_slr_enabled":"","_tec_slr_layout":""},"class_list":["post-4928","page","type-page","status-publish","hentry"],"yoast_head":"<!-- This site is optimized with the Yoast SEO plugin v27.3 - https:\/\/yoast.com\/product\/yoast-seo-wordpress\/ -->\n<title>Our Packages | Un Caf\u00e9 Fran\u00e7ais<\/title>\n<meta name=\"description\" content=\"Sur placeIn Situ ... Formule Conversations Diff\u00e9rentes opportunit\u00e9s pour discuter en journ\u00e9es ou en soir\u00e9e : des p&#039;tits d\u00e9j&#039;, des pauses-caf\u00e9 ou des\" \/>\n<meta name=\"robots\" content=\"index, follow, max-snippet:-1, max-image-preview:large, max-video-preview:-1\" \/>\n<link rel=\"canonical\" href=\"https:\/\/uncafefrancais.com\/nosforfaits\/\" \/>\n<meta property=\"og:locale\" content=\"en_US\" \/>\n<meta property=\"og:type\" content=\"article\" \/>\n<meta property=\"og:title\" content=\"Our Packages | Un Caf\u00e9 Fran\u00e7ais\" \/>\n<meta property=\"og:description\" content=\"Sur placeIn Situ ... Formule Conversations Diff\u00e9rentes opportunit\u00e9s pour discuter en journ\u00e9es ou en soir\u00e9e : des p&#039;tits d\u00e9j&#039;, des pauses-caf\u00e9 ou des\" \/>\n<meta property=\"og:url\" content=\"https:\/\/uncafefrancais.com\/nosforfaits\/\" \/>\n<meta property=\"og:site_name\" content=\"Un Caf\u00e9 Fran\u00e7ais\" \/>\n<meta property=\"article:modified_time\" content=\"2021-09-02T11:11:57+00:00\" \/>\n<meta property=\"og:image\" content=\"https:\/\/uncafefrancais.com\/wp-content\/uploads\/2020\/03\/FormuleConversationCompress-300x300.png\" \/>\n<meta name=\"twitter:card\" content=\"summary_large_image\" \/>\n<script type=\"application\/ld+json\" class=\"yoast-schema-graph\">{\"@context\":\"https:\\\/\\\/schema.org\",\"@graph\":[{\"@type\":\"WebPage\",\"@id\":\"https:\\\/\\\/uncafefrancais.com\\\/nosforfaits\\\/\",\"url\":\"https:\\\/\\\/uncafefrancais.com\\\/nosforfaits\\\/\",\"name\":\"Our Packages | Un Caf\u00e9 Fran\u00e7ais\",\"isPartOf\":{\"@id\":\"https:\\\/\\\/uncafefrancais.com\\\/#website\"},\"primaryImageOfPage\":{\"@id\":\"https:\\\/\\\/uncafefrancais.com\\\/nosforfaits\\\/#primaryimage\"},\"image\":{\"@id\":\"https:\\\/\\\/uncafefrancais.com\\\/nosforfaits\\\/#primaryimage\"},\"thumbnailUrl\":\"https:\\\/\\\/uncafefrancais.com\\\/wp-content\\\/uploads\\\/2020\\\/03\\\/FormuleConversationCompress-300x300.png\",\"datePublished\":\"2020-03-15T09:25:46+00:00\",\"dateModified\":\"2021-09-02T11:11:57+00:00\",\"description\":\"Sur placeIn Situ ... Formule Conversations Diff\u00e9rentes opportunit\u00e9s pour discuter en journ\u00e9es ou en soir\u00e9e : des p'tits d\u00e9j', des pauses-caf\u00e9 ou des\",\"breadcrumb\":{\"@id\":\"https:\\\/\\\/uncafefrancais.com\\\/nosforfaits\\\/#breadcrumb\"},\"inLanguage\":\"en-US\",\"potentialAction\":[{\"@type\":\"ReadAction\",\"target\":[\"https:\\\/\\\/uncafefrancais.com\\\/nosforfaits\\\/\"]}]},{\"@type\":\"ImageObject\",\"inLanguage\":\"en-US\",\"@id\":\"https:\\\/\\\/uncafefrancais.com\\\/nosforfaits\\\/#primaryimage\",\"url\":\"https:\\\/\\\/uncafefrancais.com\\\/wp-content\\\/uploads\\\/2020\\\/03\\\/FormuleConversationCompress-300x300.png\",\"contentUrl\":\"https:\\\/\\\/uncafefrancais.com\\\/wp-content\\\/uploads\\\/2020\\\/03\\\/FormuleConversationCompress-300x300.png\"},{\"@type\":\"BreadcrumbList\",\"@id\":\"https:\\\/\\\/uncafefrancais.com\\\/nosforfaits\\\/#breadcrumb\",\"itemListElement\":[{\"@type\":\"ListItem\",\"position\":1,\"name\":\"Accueil\",\"item\":\"https:\\\/\\\/uncafefrancais.com\\\/\"},{\"@type\":\"ListItem\",\"position\":2,\"name\":\"Nos Formules\"}]},{\"@type\":\"WebSite\",\"@id\":\"https:\\\/\\\/uncafefrancais.com\\\/#website\",\"url\":\"https:\\\/\\\/uncafefrancais.com\\\/\",\"name\":\"Un Caf\u00e9 Fran\u00e7ais\",\"description\":\"Best way to learn French!\",\"publisher\":{\"@id\":\"https:\\\/\\\/uncafefrancais.com\\\/#organization\"},\"potentialAction\":[{\"@type\":\"SearchAction\",\"target\":{\"@type\":\"EntryPoint\",\"urlTemplate\":\"https:\\\/\\\/uncafefrancais.com\\\/?s={search_term_string}\"},\"query-input\":{\"@type\":\"PropertyValueSpecification\",\"valueRequired\":true,\"valueName\":\"search_term_string\"}}],\"inLanguage\":\"en-US\"},{\"@type\":\"Organization\",\"@id\":\"https:\\\/\\\/uncafefrancais.com\\\/#organization\",\"name\":\"Un Caf\u00e9 Fran\u00e7ais\",\"url\":\"https:\\\/\\\/uncafefrancais.com\\\/\",\"logo\":{\"@type\":\"ImageObject\",\"inLanguage\":\"en-US\",\"@id\":\"https:\\\/\\\/uncafefrancais.com\\\/#\\\/schema\\\/logo\\\/image\\\/\",\"url\":\"https:\\\/\\\/uncafefrancais.com\\\/wp-content\\\/uploads\\\/2020\\\/03\\\/2018-Logo-UCF-txt-Noirbline.png\",\"contentUrl\":\"https:\\\/\\\/uncafefrancais.com\\\/wp-content\\\/uploads\\\/2020\\\/03\\\/2018-Logo-UCF-txt-Noirbline.png\",\"width\":500,\"height\":397,\"caption\":\"Un Caf\u00e9 Fran\u00e7ais\"},\"image\":{\"@id\":\"https:\\\/\\\/uncafefrancais.com\\\/#\\\/schema\\\/logo\\\/image\\\/\"}}]}<\/script>\n<!-- \/ Yoast SEO plugin. -->","yoast_head_json":{"title":"Our Packages | Un Caf\u00e9 Fran\u00e7ais","description":"Sur placeIn Situ ... Formule Conversations Diff\u00e9rentes opportunit\u00e9s pour discuter en journ\u00e9es ou en soir\u00e9e : des p'tits d\u00e9j', des pauses-caf\u00e9 ou des","robots":{"index":"index","follow":"follow","max-snippet":"max-snippet:-1","max-image-preview":"max-image-preview:large","max-video-preview":"max-video-preview:-1"},"canonical":"https:\/\/uncafefrancais.com\/nosforfaits\/","og_locale":"en_US","og_type":"article","og_title":"Our Packages | Un Caf\u00e9 Fran\u00e7ais","og_description":"Sur placeIn Situ ... Formule Conversations Diff\u00e9rentes opportunit\u00e9s pour discuter en journ\u00e9es ou en soir\u00e9e : des p'tits d\u00e9j', des pauses-caf\u00e9 ou des","og_url":"https:\/\/uncafefrancais.com\/nosforfaits\/","og_site_name":"Un Caf\u00e9 Fran\u00e7ais","article_modified_time":"2021-09-02T11:11:57+00:00","og_image":[{"url":"https:\/\/uncafefrancais.com\/wp-content\/uploads\/2020\/03\/FormuleConversationCompress-300x300.png","type":"","width":"","height":""}],"twitter_card":"summary_large_image","schema":{"@context":"https:\/\/schema.org","@graph":[{"@type":"WebPage","@id":"https:\/\/uncafefrancais.com\/nosforfaits\/","url":"https:\/\/uncafefrancais.com\/nosforfaits\/","name":"Our Packages | Un Caf\u00e9 Fran\u00e7ais","isPartOf":{"@id":"https:\/\/uncafefrancais.com\/#website"},"primaryImageOfPage":{"@id":"https:\/\/uncafefrancais.com\/nosforfaits\/#primaryimage"},"image":{"@id":"https:\/\/uncafefrancais.com\/nosforfaits\/#primaryimage"},"thumbnailUrl":"https:\/\/uncafefrancais.com\/wp-content\/uploads\/2020\/03\/FormuleConversationCompress-300x300.png","datePublished":"2020-03-15T09:25:46+00:00","dateModified":"2021-09-02T11:11:57+00:00","description":"Sur placeIn Situ ... Formule Conversations Diff\u00e9rentes opportunit\u00e9s pour discuter en journ\u00e9es ou en soir\u00e9e : des p'tits d\u00e9j', des pauses-caf\u00e9 ou des","breadcrumb":{"@id":"https:\/\/uncafefrancais.com\/nosforfaits\/#breadcrumb"},"inLanguage":"en-US","potentialAction":[{"@type":"ReadAction","target":["https:\/\/uncafefrancais.com\/nosforfaits\/"]}]},{"@type":"ImageObject","inLanguage":"en-US","@id":"https:\/\/uncafefrancais.com\/nosforfaits\/#primaryimage","url":"https:\/\/uncafefrancais.com\/wp-content\/uploads\/2020\/03\/FormuleConversationCompress-300x300.png","contentUrl":"https:\/\/uncafefrancais.com\/wp-content\/uploads\/2020\/03\/FormuleConversationCompress-300x300.png"},{"@type":"BreadcrumbList","@id":"https:\/\/uncafefrancais.com\/nosforfaits\/#breadcrumb","itemListElement":[{"@type":"ListItem","position":1,"name":"Accueil","item":"https:\/\/uncafefrancais.com\/"},{"@type":"ListItem","position":2,"name":"Nos Formules"}]},{"@type":"WebSite","@id":"https:\/\/uncafefrancais.com\/#website","url":"https:\/\/uncafefrancais.com\/","name":"Un Caf\u00e9 Fran\u00e7ais","description":"Best way to learn French!","publisher":{"@id":"https:\/\/uncafefrancais.com\/#organization"},"potentialAction":[{"@type":"SearchAction","target":{"@type":"EntryPoint","urlTemplate":"https:\/\/uncafefrancais.com\/?s={search_term_string}"},"query-input":{"@type":"PropertyValueSpecification","valueRequired":true,"valueName":"search_term_string"}}],"inLanguage":"en-US"},{"@type":"Organization","@id":"https:\/\/uncafefrancais.com\/#organization","name":"Un Caf\u00e9 Fran\u00e7ais","url":"https:\/\/uncafefrancais.com\/","logo":{"@type":"ImageObject","inLanguage":"en-US","@id":"https:\/\/uncafefrancais.com\/#\/schema\/logo\/image\/","url":"https:\/\/uncafefrancais.com\/wp-content\/uploads\/2020\/03\/2018-Logo-UCF-txt-Noirbline.png","contentUrl":"https:\/\/uncafefrancais.com\/wp-content\/uploads\/2020\/03\/2018-Logo-UCF-txt-Noirbline.png","width":500,"height":397,"caption":"Un Caf\u00e9 Fran\u00e7ais"},"image":{"@id":"https:\/\/uncafefrancais.com\/#\/schema\/logo\/image\/"}}]}},"ticketed":false,"_links":{"self":[{"href":"https:\/\/uncafefrancais.com\/en\/wp-json\/wp\/v2\/pages\/4928","targetHints":{"allow":["GET"]}}],"collection":[{"href":"https:\/\/uncafefrancais.com\/en\/wp-json\/wp\/v2\/pages"}],"about":[{"href":"https:\/\/uncafefrancais.com\/en\/wp-json\/wp\/v2\/types\/page"}],"author":[{"embeddable":true,"href":"https:\/\/uncafefrancais.com\/en\/wp-json\/wp\/v2\/users\/4"}],"replies":[{"embeddable":true,"href":"https:\/\/uncafefrancais.com\/en\/wp-json\/wp\/v2\/comments?post=4928"}],"version-history":[{"count":0,"href":"https:\/\/uncafefrancais.com\/en\/wp-json\/wp\/v2\/pages\/4928\/revisions"}],"wp:attachment":[{"href":"https:\/\/uncafefrancais.com\/en\/wp-json\/wp\/v2\/media?parent=4928"}],"curies":[{"name":"wp","href":"https:\/\/api.w.org\/{rel}","templated":true}]}}