{"id":960,"date":"2019-12-13T14:18:50","date_gmt":"2019-12-13T13:18:50","guid":{"rendered":"https:\/\/uncafefrancais.com\/?page_id=960-old"},"modified":"2020-11-02T16:42:31","modified_gmt":"2020-11-02T15:42:31","slug":"votre-avis","status":"publish","type":"page","link":"https:\/\/uncafefrancais.com\/en\/votre-avis\/","title":{"rendered":"Your Feedback"},"content":{"rendered":"\t\t<div data-elementor-type=\"wp-page\" data-elementor-id=\"960\" class=\"elementor elementor-960\">\n\t\t\t\t\t\t<section class=\"elementor-section elementor-top-section elementor-element elementor-element-3d06629 elementor-section-boxed elementor-section-height-default elementor-section-height-default\" data-id=\"3d06629\" data-element_type=\"section\">\n\t\t\t\t\t\t<div class=\"elementor-container elementor-column-gap-default\">\n\t\t\t\t\t<div class=\"elementor-column elementor-col-100 elementor-top-column elementor-element elementor-element-24ce48b\" data-id=\"24ce48b\" data-element_type=\"column\">\n\t\t\t<div class=\"elementor-widget-wrap elementor-element-populated\">\n\t\t\t\t\t\t<div class=\"elementor-element elementor-element-2d2aaae elementor-widget elementor-widget-wp-widget-recent-comments\" data-id=\"2d2aaae\" data-element_type=\"widget\" data-widget_type=\"wp-widget-recent-comments.default\">\n\t\t\t\t<div class=\"elementor-widget-container\">\n\t\t\t\t\t<h5>Recent Comments<\/h5><ul id=\"recentcomments\"><li class=\"recentcomments\"><span class=\"comment-author-link\">Ella<\/span> on <a href=\"https:\/\/uncafefrancais.com\/en\/mon-compte\/#comment-8022\">My Account<\/a><\/li><li class=\"recentcomments\"><span class=\"comment-author-link\">sybille.bruetsch<\/span> on <a href=\"https:\/\/uncafefrancais.com\/en\/mon-compte\/#comment-8021\">My Account<\/a><\/li><\/ul>\t\t\t\t<\/div>\n\t\t\t\t<\/div>\n\t\t\t\t\t<\/div>\n\t\t<\/div>\n\t\t\t\t\t<\/div>\n\t\t<\/section>\n\t\t\t\t<section class=\"elementor-section elementor-top-section elementor-element elementor-element-ea8b279 elementor-section-boxed elementor-section-height-default elementor-section-height-default\" data-id=\"ea8b279\" data-element_type=\"section\">\n\t\t\t\t\t\t<div class=\"elementor-container elementor-column-gap-default\">\n\t\t\t\t\t<div class=\"elementor-column elementor-col-100 elementor-top-column elementor-element elementor-element-9ad1330\" data-id=\"9ad1330\" data-element_type=\"column\">\n\t\t\t<div class=\"elementor-widget-wrap elementor-element-populated\">\n\t\t\t\t\t\t<div class=\"elementor-element elementor-element-2fad22b elementor-widget elementor-widget-html\" data-id=\"2fad22b\" data-element_type=\"widget\" data-widget_type=\"html.default\">\n\t\t\t\t<div class=\"elementor-widget-container\">\n\t\t\t\t\t<div id=\"TA_cdswritereviewlgvi298\" class=\"TA_cdswritereviewlgvi\">\n<ul id=\"KND4u3IA\" class=\"TA_links paXCVRi\">\n<li id=\"Amau9w4nyI\" class=\"fztyKwQ39at\">\n<a target=\"_blank\" href=\"https:\/\/www.tripadvisor.com\/\"><img decoding=\"async\" src=\"https:\/\/static.tacdn.com\/img2\/brand_refresh\/Tripadvisor_lockup_horizontal_secondary_registered.svg\" alt=\"TripAdvisor\"\/><\/a>\n<\/li>\n<\/ul>\n<\/div>\n<script async src=\"https:\/\/www.jscache.com\/wejs?wtype=cdswritereviewlgvi&amp;uniq=298&amp;locationId=19595123&amp;lang=en_US&amp;lang=en_US&amp;display_version=2\" data-loadtrk onload=\"this.loadtrk=true\"><\/script>\n\t\t\t\t<\/div>\n\t\t\t\t<\/div>\n\t\t\t\t\t<\/div>\n\t\t<\/div>\n\t\t\t\t\t<\/div>\n\t\t<\/section>\n\t\t\t\t<section class=\"elementor-section elementor-top-section elementor-element elementor-element-4482e9a elementor-section-boxed elementor-section-height-default elementor-section-height-default\" data-id=\"4482e9a\" data-element_type=\"section\">\n\t\t\t\t\t\t<div class=\"elementor-container elementor-column-gap-default\">\n\t\t\t\t\t<div class=\"elementor-column elementor-col-100 elementor-top-column elementor-element elementor-element-60d4d57\" data-id=\"60d4d57\" data-element_type=\"column\">\n\t\t\t<div class=\"elementor-widget-wrap elementor-element-populated\">\n\t\t\t\t\t\t<div class=\"elementor-element elementor-element-0addc9c elementor-widget elementor-widget-shortcode\" data-id=\"0addc9c\" data-element_type=\"widget\" data-widget_type=\"shortcode.default\">\n\t\t\t\t<div class=\"elementor-widget-container\">\n\t\t\t\t\t\t\t<div class=\"elementor-shortcode\">\n<div class=\"wprev-no-slider\" id=\"wprev-slider-1\"><style>#wprev-slider-1 .wprev_preview_bradius_T1 {border-radius: 5px;}#wprev-slider-1 .wprev_preview_bg1_T1 {background:#e18ce2;}#wprev-slider-1 .wprev_preview_bg2_T1 {background:;}#wprev-slider-1 .wprev_preview_tcolor1_T1 {color:#ffffff;}#wprev-slider-1 .wprev_preview_tcolor2_T1 {color:#000000;}#wprev-slider-1 .wprev_preview_bg1_T1::after{ border-top: 30px solid #e18ce2; }<\/style><style><\/style>\t\t<div class=\"wptripadvisor_t1_outer_div w3_wprs-row-padding\">\r\n\t\t\t\t<div class=\"wptripadvisor_t1_DIV_1 w3_wprs-col l6\">\r\n\t\t\t<div class=\"wptripadvisor_t1_DIV_2 wprev_preview_bg1_T1 wprev_preview_bradius_T1\">\r\n\t\t\t\t<p class=\"wptripadvisor_t1_P_3 wprev_preview_tcolor1_T1\">\r\n\t\t\t\t\t<span class=\"wptripadvisor_star_imgs_T1\"><img decoding=\"async\" src=\"https:\/\/uncafefrancais.com\/wp-content\/plugins\/wp-tripadvisor-review-slider\/public\/partials\/imgs\/tripadvisor_stars_5.png\" alt=\"star rating\" class=\"wptripadvisor_t1_star_img_file\">&nbsp;&nbsp;<\/span>J&#39;ai des cours priv\u00e9s en ligne depuis quelques semaines maintenant avec Un Caf\u00e9 Fran\u00e7ais. Les le\u00e7ons sont tr\u00e8s flexibles et se concentrent sur ce dont j&#39;ai besoin dans la le\u00e7on<a class='wprs_rd_more'>... read more<\/a><span class='wprs_rd_more_text' style='display:none;'> et sur ce sur quoi je veux travailler. Ella est une merveilleuse enseignante qui aide \u00e0 calmer vos  nerfs et peut vous apprendre des astuces pour vous aider avec la prononciation ou la grammaire. Cela a \u00e9t\u00e9 tr\u00e8s utile pour m&#x27;aider \u00e0 combler mes lacunes mais aussi pour m&#x27;exercer \u00e0 parler individuellement. Les prix sont \u00e9galement tr\u00e8s raisonnables. &hellip;<\/span>\t\t\t\t<\/p>\r\n\t\t\t\t\t\t\t\t<a href=\"https:\/\/www.tripadvisor.fr\/Attraction_Review-g187147-d19595123-Reviews-Un_Cafe_Francais-Paris_Ile_de_France.html\" target=\"_blank\" rel=\"nofollow\"><img decoding=\"async\" src=\"https:\/\/uncafefrancais.com\/wp-content\/plugins\/wp-tripadvisor-review-slider\/public\/partials\/imgs\/tripadvisor_outline.png\" alt=\"tripadvisor logo\" class=\"wptripadvisor_t1_tripadvisor_logo\"><\/a>\t\t\t<\/div><span class=\"wptripadvisor_t1_A_8\"><\/span> <span class=\"wptripadvisor_t1_SPAN_5 wprev_preview_tcolor2_T1\">lecjoy<br\/><span class=\"wprev_showdate_T1\">1 January 1970<\/span> <\/span>\r\n\t\t<\/div>\r\n\t\t\t<div class=\"wptripadvisor_t1_DIV_1 w3_wprs-col l6\">\r\n\t\t\t<div class=\"wptripadvisor_t1_DIV_2 wprev_preview_bg1_T1 wprev_preview_bradius_T1\">\r\n\t\t\t\t<p class=\"wptripadvisor_t1_P_3 wprev_preview_tcolor1_T1\">\r\n\t\t\t\t\t<span class=\"wptripadvisor_star_imgs_T1\"><img decoding=\"async\" src=\"https:\/\/uncafefrancais.com\/wp-content\/plugins\/wp-tripadvisor-review-slider\/public\/partials\/imgs\/tripadvisor_stars_5.png\" alt=\"star rating\" class=\"wptripadvisor_t1_star_img_file\">&nbsp;&nbsp;<\/span>Il est impossible d&#39;apprendre la langue sans pratique. Et Ella offre exactement cela. J&#39;aime l&#39;ambiance conviviale qui favorise la conversation l\u00e9g\u00e8re sans ressentir l&#39;effort des cours de fran\u00e7ais. Ella est<a class='wprs_rd_more'>... read more<\/a><span class='wprs_rd_more_text' style='display:none;'> une interlocutrice int\u00e9ressante et j&#39;aime discuter de diff\u00e9rents sujets  avec elle. Apr\u00e8s l&#x27;\u00e9v\u00e9nement elle envoie les corrections \u00e9crites des erreurs que j&#x27;ai faites, cela me permet de m&#x27;am\u00e9liorer rapidement. &hellip;<\/span>\t\t\t\t<\/p>\r\n\t\t\t\t\t\t\t\t<a href=\"https:\/\/www.tripadvisor.fr\/Attraction_Review-g187147-d19595123-Reviews-Un_Cafe_Francais-Paris_Ile_de_France.html\" target=\"_blank\" rel=\"nofollow\"><img decoding=\"async\" src=\"https:\/\/uncafefrancais.com\/wp-content\/plugins\/wp-tripadvisor-review-slider\/public\/partials\/imgs\/tripadvisor_outline.png\" alt=\"tripadvisor logo\" class=\"wptripadvisor_t1_tripadvisor_logo\"><\/a>\t\t\t<\/div><span class=\"wptripadvisor_t1_A_8\"><\/span> <span class=\"wptripadvisor_t1_SPAN_5 wprev_preview_tcolor2_T1\">Tetyana<br\/><span class=\"wprev_showdate_T1\">1 January 1970<\/span> <\/span>\r\n\t\t<\/div>\r\n\t\t<\/div>\r\n\t\t<div class=\"wptripadvisor_t1_outer_div w3_wprs-row-padding\">\r\n\t\t\t\t<div class=\"wptripadvisor_t1_DIV_1 w3_wprs-col l6\">\r\n\t\t\t<div class=\"wptripadvisor_t1_DIV_2 wprev_preview_bg1_T1 wprev_preview_bradius_T1\">\r\n\t\t\t\t<p class=\"wptripadvisor_t1_P_3 wprev_preview_tcolor1_T1\">\r\n\t\t\t\t\t<span class=\"wptripadvisor_star_imgs_T1\"><img decoding=\"async\" src=\"https:\/\/uncafefrancais.com\/wp-content\/plugins\/wp-tripadvisor-review-slider\/public\/partials\/imgs\/tripadvisor_stars_5.png\" alt=\"star rating\" class=\"wptripadvisor_t1_star_img_file\">&nbsp;&nbsp;<\/span>Il est impossible d&#39;apprendre la langue sans pratique. Et Ella offre exactement cela. J&#39;aime...                                       lire la suite\t\t\t\t<\/p>\r\n\t\t\t\t\t\t\t\t<a href=\"https:\/\/www.tripadvisor.fr\/Attraction_Review-g187147-d19595123-Reviews-Un_Cafe_Francais-Paris_Ile_de_France.html\" target=\"_blank\" rel=\"nofollow\"><img decoding=\"async\" src=\"https:\/\/uncafefrancais.com\/wp-content\/plugins\/wp-tripadvisor-review-slider\/public\/partials\/imgs\/tripadvisor_outline.png\" alt=\"tripadvisor logo\" class=\"wptripadvisor_t1_tripadvisor_logo\"><\/a>\t\t\t<\/div><span class=\"wptripadvisor_t1_A_8\"><\/span> <span class=\"wptripadvisor_t1_SPAN_5 wprev_preview_tcolor2_T1\">Tetyana_L1<br\/><span class=\"wprev_showdate_T1\">1 January 1970<\/span> <\/span>\r\n\t\t<\/div>\r\n\t\t\t<div class=\"wptripadvisor_t1_DIV_1 w3_wprs-col l6\">\r\n\t\t\t<div class=\"wptripadvisor_t1_DIV_2 wprev_preview_bg1_T1 wprev_preview_bradius_T1\">\r\n\t\t\t\t<p class=\"wptripadvisor_t1_P_3 wprev_preview_tcolor1_T1\">\r\n\t\t\t\t\t<span class=\"wptripadvisor_star_imgs_T1\"><img decoding=\"async\" src=\"https:\/\/uncafefrancais.com\/wp-content\/plugins\/wp-tripadvisor-review-slider\/public\/partials\/imgs\/tripadvisor_stars_5.png\" alt=\"star rating\" class=\"wptripadvisor_t1_star_img_file\">&nbsp;&nbsp;<\/span>Avant de venir \u00e0 Paris, j&#39;esp\u00e9rais trouver un cours de conversation flexible, amusant et facile \u00e0 vivre, qui mettrait mes comp\u00e9tences au d\u00e9fi mais qui ne me ressemblait pas trop.<a class='wprs_rd_more'>... read more<\/a><span class='wprs_rd_more_text' style='display:none;'> C&#39;est * exactement * ce que j&#39;ai trouv\u00e9 gr\u00e2ce \u00e0 Un Caf Fran ais. J&#39;ai tellement aim\u00e9 apprendre avec  Ella - elle cr\u00e9e une atmosph\u00e8re chaleureuse et amicale qui vous met \u00e0 l&#x27;aise. Lors de ses s\u00e9ances, je trouve souvent que j&#x27;oublie que je parle fran\u00e7ais - je suis trop occup\u00e9 \u00e0 passer un bon moment! Les rencontres d&#x27;Ella sont vari\u00e9es et sur mesure; un jour, vous pourriez discuter en buvant un caf\u00e9 dans un bistrot et le lendemain, vous pourriez vous retrouver \u00e0 discuter autour d&#x27;un verre de vin (ou 2!) dans le Marais. Elle est incroyablement g\u00e9n\u00e9reuse avec son temps et s&#x27;assure que \u00abl&#x27;\u00e9tudiant\u00bb obtient exactement ce dont il a besoin \u00e0 chaque session. Je vois d\u00e9j\u00e0 une \u00e9norme progression dans mes comp\u00e9tences et j&#x27;ai h\u00e2te de continuer notre rendez-vous! Merci, Ella. &hellip;<\/span>\t\t\t\t<\/p>\r\n\t\t\t\t\t\t\t\t<a href=\"https:\/\/www.tripadvisor.fr\/Attraction_Review-g187147-d19595123-Reviews-Un_Cafe_Francais-Paris_Ile_de_France.html\" target=\"_blank\" rel=\"nofollow\"><img decoding=\"async\" src=\"https:\/\/uncafefrancais.com\/wp-content\/plugins\/wp-tripadvisor-review-slider\/public\/partials\/imgs\/tripadvisor_outline.png\" alt=\"tripadvisor logo\" class=\"wptripadvisor_t1_tripadvisor_logo\"><\/a>\t\t\t<\/div><span class=\"wptripadvisor_t1_A_8\"><\/span> <span class=\"wptripadvisor_t1_SPAN_5 wprev_preview_tcolor2_T1\">Eleanor<br\/><span class=\"wprev_showdate_T1\">1 January 1970<\/span> <\/span>\r\n\t\t<\/div>\r\n\t\t<\/div>\r\n<!-- This file should primarily consist of HTML with a little bit of PHP. -->\r\n<\/div>\r\n<\/div>\n\t\t\t\t\t\t<\/div>\n\t\t\t\t<\/div>\n\t\t\t\t\t<\/div>\n\t\t<\/div>\n\t\t\t\t\t<\/div>\n\t\t<\/section>\n\t\t\t\t<\/div>\n\t\t","protected":false},"excerpt":{"rendered":"","protected":false},"author":0,"featured_media":0,"parent":0,"menu_order":0,"comment_status":"closed","ping_status":"closed","template":"","meta":{"_price":"","_stock":"","_tribe_ticket_header":"","_tribe_default_ticket_provider":"","_tribe_ticket_capacity":"","_ticket_start_date":"","_ticket_end_date":"","_tribe_ticket_show_description":"","_tribe_ticket_show_not_going":false,"_tribe_ticket_use_global_stock":"","_tribe_ticket_global_stock_level":"","_global_stock_mode":"","_global_stock_cap":"","_tribe_rsvp_for_event":"","_tribe_ticket_going_count":"","_tribe_ticket_not_going_count":"","_tribe_tickets_list":"[]","_tribe_ticket_has_attendee_info_fields":false,"footnotes":"","_tec_slr_enabled":"","_tec_slr_layout":""},"class_list":["post-960","page","type-page","status-publish","hentry"],"yoast_head":"<!-- This site is optimized with the Yoast SEO plugin v27.3 - https:\/\/yoast.com\/product\/yoast-seo-wordpress\/ -->\n<title>(Fran\u00e7ais) Your Feedback | Un Caf\u00e9 Fran\u00e7ais : apprenez dans un cadre ludique<\/title>\n<meta name=\"description\" content=\"(Fran\u00e7ais) Ils ont aim\u00e9s ! Retrouvez les t\u00e9moignages de nos participants et les bons moments. Vous pouvez \u00e9galement, consultez notre page: En images.\" \/>\n<meta name=\"robots\" content=\"index, follow, max-snippet:-1, max-image-preview:large, max-video-preview:-1\" \/>\n<link rel=\"canonical\" href=\"https:\/\/uncafefrancais.com\/votre-avis\/\" \/>\n<meta property=\"og:locale\" content=\"en_US\" \/>\n<meta property=\"og:type\" content=\"article\" \/>\n<meta property=\"og:title\" content=\"[:fr]Your Feedback | Un Caf\u00e9 Fran\u00e7ais : apprenez dans un cadre ludique[:]\" \/>\n<meta property=\"og:description\" content=\"{:fr}Ils ont aim\u00e9s ! Retrouvez les t\u00e9moignages de nos participants et les bons moments. Vous pouvez \u00e9galement, consultez notre page: En images. {:}\" \/>\n<meta property=\"og:url\" content=\"https:\/\/uncafefrancais.com\/votre-avis\/\" \/>\n<meta property=\"og:site_name\" content=\"Un Caf\u00e9 Fran\u00e7ais\" \/>\n<meta property=\"article:modified_time\" content=\"2020-11-02T15:42:31+00:00\" \/>\n<meta property=\"og:image\" content=\"https:\/\/static.tacdn.com\/img2\/brand_refresh\/Tripadvisor_lockup_horizontal_secondary_registered.svg\" \/>\n<meta name=\"twitter:card\" content=\"summary_large_image\" \/>\n<script type=\"application\/ld+json\" class=\"yoast-schema-graph\">{\"@context\":\"https:\\\/\\\/schema.org\",\"@graph\":[{\"@type\":\"WebPage\",\"@id\":\"https:\\\/\\\/uncafefrancais.com\\\/votre-avis\\\/\",\"url\":\"https:\\\/\\\/uncafefrancais.com\\\/votre-avis\\\/\",\"name\":\"[:fr]Your Feedback | Un Caf\u00e9 Fran\u00e7ais : apprenez dans un cadre ludique[:]\",\"isPartOf\":{\"@id\":\"https:\\\/\\\/uncafefrancais.com\\\/#website\"},\"primaryImageOfPage\":{\"@id\":\"https:\\\/\\\/uncafefrancais.com\\\/votre-avis\\\/#primaryimage\"},\"image\":{\"@id\":\"https:\\\/\\\/uncafefrancais.com\\\/votre-avis\\\/#primaryimage\"},\"thumbnailUrl\":\"https:\\\/\\\/static.tacdn.com\\\/img2\\\/brand_refresh\\\/Tripadvisor_lockup_horizontal_secondary_registered.svg\",\"datePublished\":\"2019-12-13T13:18:50+00:00\",\"dateModified\":\"2020-11-02T15:42:31+00:00\",\"description\":\"{:fr}Ils ont aim\u00e9s ! Retrouvez les t\u00e9moignages de nos participants et les bons moments. Vous pouvez \u00e9galement, consultez notre page: En images. {:}\",\"breadcrumb\":{\"@id\":\"https:\\\/\\\/uncafefrancais.com\\\/votre-avis\\\/#breadcrumb\"},\"inLanguage\":\"en-US\",\"potentialAction\":[{\"@type\":\"ReadAction\",\"target\":[\"https:\\\/\\\/uncafefrancais.com\\\/votre-avis\\\/\"]}]},{\"@type\":\"ImageObject\",\"inLanguage\":\"en-US\",\"@id\":\"https:\\\/\\\/uncafefrancais.com\\\/votre-avis\\\/#primaryimage\",\"url\":\"https:\\\/\\\/static.tacdn.com\\\/img2\\\/brand_refresh\\\/Tripadvisor_lockup_horizontal_secondary_registered.svg\",\"contentUrl\":\"https:\\\/\\\/static.tacdn.com\\\/img2\\\/brand_refresh\\\/Tripadvisor_lockup_horizontal_secondary_registered.svg\"},{\"@type\":\"BreadcrumbList\",\"@id\":\"https:\\\/\\\/uncafefrancais.com\\\/votre-avis\\\/#breadcrumb\",\"itemListElement\":[{\"@type\":\"ListItem\",\"position\":1,\"name\":\"Accueil\",\"item\":\"https:\\\/\\\/uncafefrancais.com\\\/\"},{\"@type\":\"ListItem\",\"position\":2,\"name\":\"Votre avis\"}]},{\"@type\":\"WebSite\",\"@id\":\"https:\\\/\\\/uncafefrancais.com\\\/#website\",\"url\":\"https:\\\/\\\/uncafefrancais.com\\\/\",\"name\":\"Un Caf\u00e9 Fran\u00e7ais\",\"description\":\"Best way to learn French!\",\"publisher\":{\"@id\":\"https:\\\/\\\/uncafefrancais.com\\\/#organization\"},\"potentialAction\":[{\"@type\":\"SearchAction\",\"target\":{\"@type\":\"EntryPoint\",\"urlTemplate\":\"https:\\\/\\\/uncafefrancais.com\\\/?s={search_term_string}\"},\"query-input\":{\"@type\":\"PropertyValueSpecification\",\"valueRequired\":true,\"valueName\":\"search_term_string\"}}],\"inLanguage\":\"en-US\"},{\"@type\":\"Organization\",\"@id\":\"https:\\\/\\\/uncafefrancais.com\\\/#organization\",\"name\":\"Un Caf\u00e9 Fran\u00e7ais\",\"url\":\"https:\\\/\\\/uncafefrancais.com\\\/\",\"logo\":{\"@type\":\"ImageObject\",\"inLanguage\":\"en-US\",\"@id\":\"https:\\\/\\\/uncafefrancais.com\\\/#\\\/schema\\\/logo\\\/image\\\/\",\"url\":\"https:\\\/\\\/uncafefrancais.com\\\/wp-content\\\/uploads\\\/2020\\\/03\\\/2018-Logo-UCF-txt-Noirbline.png\",\"contentUrl\":\"https:\\\/\\\/uncafefrancais.com\\\/wp-content\\\/uploads\\\/2020\\\/03\\\/2018-Logo-UCF-txt-Noirbline.png\",\"width\":500,\"height\":397,\"caption\":\"Un Caf\u00e9 Fran\u00e7ais\"},\"image\":{\"@id\":\"https:\\\/\\\/uncafefrancais.com\\\/#\\\/schema\\\/logo\\\/image\\\/\"}}]}<\/script>\n<!-- \/ Yoast SEO plugin. -->","yoast_head_json":{"title":"(Fran\u00e7ais) Your Feedback | Un Caf\u00e9 Fran\u00e7ais : apprenez dans un cadre ludique","description":"(Fran\u00e7ais) Ils ont aim\u00e9s ! Retrouvez les t\u00e9moignages de nos participants et les bons moments. Vous pouvez \u00e9galement, consultez notre page: En images.","robots":{"index":"index","follow":"follow","max-snippet":"max-snippet:-1","max-image-preview":"max-image-preview:large","max-video-preview":"max-video-preview:-1"},"canonical":"https:\/\/uncafefrancais.com\/votre-avis\/","og_locale":"en_US","og_type":"article","og_title":"[:fr]Your Feedback | Un Caf\u00e9 Fran\u00e7ais : apprenez dans un cadre ludique[:]","og_description":"{:fr}Ils ont aim\u00e9s ! Retrouvez les t\u00e9moignages de nos participants et les bons moments. Vous pouvez \u00e9galement, consultez notre page: En images. {:}","og_url":"https:\/\/uncafefrancais.com\/votre-avis\/","og_site_name":"Un Caf\u00e9 Fran\u00e7ais","article_modified_time":"2020-11-02T15:42:31+00:00","og_image":[{"url":"https:\/\/static.tacdn.com\/img2\/brand_refresh\/Tripadvisor_lockup_horizontal_secondary_registered.svg","type":"","width":"","height":""}],"twitter_card":"summary_large_image","schema":{"@context":"https:\/\/schema.org","@graph":[{"@type":"WebPage","@id":"https:\/\/uncafefrancais.com\/votre-avis\/","url":"https:\/\/uncafefrancais.com\/votre-avis\/","name":"[:fr]Your Feedback | Un Caf\u00e9 Fran\u00e7ais : apprenez dans un cadre ludique[:]","isPartOf":{"@id":"https:\/\/uncafefrancais.com\/#website"},"primaryImageOfPage":{"@id":"https:\/\/uncafefrancais.com\/votre-avis\/#primaryimage"},"image":{"@id":"https:\/\/uncafefrancais.com\/votre-avis\/#primaryimage"},"thumbnailUrl":"https:\/\/static.tacdn.com\/img2\/brand_refresh\/Tripadvisor_lockup_horizontal_secondary_registered.svg","datePublished":"2019-12-13T13:18:50+00:00","dateModified":"2020-11-02T15:42:31+00:00","description":"{:fr}Ils ont aim\u00e9s ! Retrouvez les t\u00e9moignages de nos participants et les bons moments. Vous pouvez \u00e9galement, consultez notre page: En images. {:}","breadcrumb":{"@id":"https:\/\/uncafefrancais.com\/votre-avis\/#breadcrumb"},"inLanguage":"en-US","potentialAction":[{"@type":"ReadAction","target":["https:\/\/uncafefrancais.com\/votre-avis\/"]}]},{"@type":"ImageObject","inLanguage":"en-US","@id":"https:\/\/uncafefrancais.com\/votre-avis\/#primaryimage","url":"https:\/\/static.tacdn.com\/img2\/brand_refresh\/Tripadvisor_lockup_horizontal_secondary_registered.svg","contentUrl":"https:\/\/static.tacdn.com\/img2\/brand_refresh\/Tripadvisor_lockup_horizontal_secondary_registered.svg"},{"@type":"BreadcrumbList","@id":"https:\/\/uncafefrancais.com\/votre-avis\/#breadcrumb","itemListElement":[{"@type":"ListItem","position":1,"name":"Accueil","item":"https:\/\/uncafefrancais.com\/"},{"@type":"ListItem","position":2,"name":"Votre avis"}]},{"@type":"WebSite","@id":"https:\/\/uncafefrancais.com\/#website","url":"https:\/\/uncafefrancais.com\/","name":"Un Caf\u00e9 Fran\u00e7ais","description":"Best way to learn French!","publisher":{"@id":"https:\/\/uncafefrancais.com\/#organization"},"potentialAction":[{"@type":"SearchAction","target":{"@type":"EntryPoint","urlTemplate":"https:\/\/uncafefrancais.com\/?s={search_term_string}"},"query-input":{"@type":"PropertyValueSpecification","valueRequired":true,"valueName":"search_term_string"}}],"inLanguage":"en-US"},{"@type":"Organization","@id":"https:\/\/uncafefrancais.com\/#organization","name":"Un Caf\u00e9 Fran\u00e7ais","url":"https:\/\/uncafefrancais.com\/","logo":{"@type":"ImageObject","inLanguage":"en-US","@id":"https:\/\/uncafefrancais.com\/#\/schema\/logo\/image\/","url":"https:\/\/uncafefrancais.com\/wp-content\/uploads\/2020\/03\/2018-Logo-UCF-txt-Noirbline.png","contentUrl":"https:\/\/uncafefrancais.com\/wp-content\/uploads\/2020\/03\/2018-Logo-UCF-txt-Noirbline.png","width":500,"height":397,"caption":"Un Caf\u00e9 Fran\u00e7ais"},"image":{"@id":"https:\/\/uncafefrancais.com\/#\/schema\/logo\/image\/"}}]}},"ticketed":false,"_links":{"self":[{"href":"https:\/\/uncafefrancais.com\/en\/wp-json\/wp\/v2\/pages\/960","targetHints":{"allow":["GET"]}}],"collection":[{"href":"https:\/\/uncafefrancais.com\/en\/wp-json\/wp\/v2\/pages"}],"about":[{"href":"https:\/\/uncafefrancais.com\/en\/wp-json\/wp\/v2\/types\/page"}],"replies":[{"embeddable":true,"href":"https:\/\/uncafefrancais.com\/en\/wp-json\/wp\/v2\/comments?post=960"}],"version-history":[{"count":0,"href":"https:\/\/uncafefrancais.com\/en\/wp-json\/wp\/v2\/pages\/960\/revisions"}],"wp:attachment":[{"href":"https:\/\/uncafefrancais.com\/en\/wp-json\/wp\/v2\/media?parent=960"}],"curies":[{"name":"wp","href":"https:\/\/api.w.org\/{rel}","templated":true}]}}