{"id":9618,"date":"2021-09-03T18:27:03","date_gmt":"2021-09-03T16:27:03","guid":{"rendered":"https:\/\/uncafefrancais.com\/?page_id=9618"},"modified":"2021-11-09T18:28:08","modified_gmt":"2021-11-09T17:28:08","slug":"a-la-carte","status":"publish","type":"page","link":"https:\/\/uncafefrancais.com\/en\/a-la-carte\/","title":{"rendered":"\u00c0 la carte&#8230;"},"content":{"rendered":"\t\t<div data-elementor-type=\"wp-page\" data-elementor-id=\"9618\" class=\"elementor elementor-9618\">\n\t\t\t\t\t\t<section class=\"elementor-section elementor-top-section elementor-element elementor-element-f21c437 elementor-section-boxed elementor-section-height-default elementor-section-height-default\" data-id=\"f21c437\" data-element_type=\"section\">\n\t\t\t\t\t\t<div class=\"elementor-container elementor-column-gap-default\">\n\t\t\t\t\t<div class=\"elementor-column elementor-col-100 elementor-top-column elementor-element elementor-element-dcbcf32\" data-id=\"dcbcf32\" data-element_type=\"column\">\n\t\t\t<div class=\"elementor-widget-wrap elementor-element-populated\">\n\t\t\t\t\t\t<div class=\"elementor-element elementor-element-344e05a elementor-widget elementor-widget-heading\" data-id=\"344e05a\" data-element_type=\"widget\" data-widget_type=\"heading.default\">\n\t\t\t\t<div class=\"elementor-widget-container\">\n\t\t\t\t\t<h2 class=\"elementor-heading-title elementor-size-default\"><h2><strong style=\"font-size: 25.0pt;font-family: 'tinet';line-height: 4rem;color: #483e6f\">Les rencontres<\/strong><\/h2>\n<\/h2>\t\t\t\t<\/div>\n\t\t\t\t<\/div>\n\t\t\t\t<div class=\"elementor-element elementor-element-5b63360 elementor-widget elementor-widget-spacer\" data-id=\"5b63360\" data-element_type=\"widget\" data-widget_type=\"spacer.default\">\n\t\t\t\t<div class=\"elementor-widget-container\">\n\t\t\t\t\t\t\t<div class=\"elementor-spacer\">\n\t\t\t<div class=\"elementor-spacer-inner\"><\/div>\n\t\t<\/div>\n\t\t\t\t\t\t<\/div>\n\t\t\t\t<\/div>\n\t\t\t\t\t<\/div>\n\t\t<\/div>\n\t\t\t\t\t<\/div>\n\t\t<\/section>\n\t\t\t\t<section class=\"elementor-section elementor-top-section elementor-element elementor-element-c4d1aa6 elementor-section-boxed elementor-section-height-default elementor-section-height-default\" data-id=\"c4d1aa6\" data-element_type=\"section\">\n\t\t\t\t\t\t<div class=\"elementor-container elementor-column-gap-default\">\n\t\t\t\t\t<div class=\"elementor-column elementor-col-50 elementor-top-column elementor-element elementor-element-c4a7c0b\" data-id=\"c4a7c0b\" data-element_type=\"column\">\n\t\t\t<div class=\"elementor-widget-wrap elementor-element-populated\">\n\t\t\t\t\t\t<div class=\"elementor-element elementor-element-426022f elementor-widget elementor-widget-image\" data-id=\"426022f\" data-element_type=\"widget\" data-widget_type=\"image.default\">\n\t\t\t\t<div class=\"elementor-widget-container\">\n\t\t\t\t\t\t\t\t\t\t\t\t\t\t\t<img fetchpriority=\"high\" decoding=\"async\" width=\"300\" height=\"300\" src=\"https:\/\/uncafefrancais.com\/wp-content\/uploads\/2021\/02\/2019VG_Paris1-Les-Halles_Clt-et-Guide_jum-1-300x300.png\" class=\"attachment-medium size-medium wp-image-8484\" alt=\"Visite-Guid\u00e9e priv\u00e9e\" srcset=\"https:\/\/uncafefrancais.com\/wp-content\/uploads\/2021\/02\/2019VG_Paris1-Les-Halles_Clt-et-Guide_jum-1-300x300.png 300w, https:\/\/uncafefrancais.com\/wp-content\/uploads\/2021\/02\/2019VG_Paris1-Les-Halles_Clt-et-Guide_jum-1-150x150.png 150w, https:\/\/uncafefrancais.com\/wp-content\/uploads\/2021\/02\/2019VG_Paris1-Les-Halles_Clt-et-Guide_jum-1-100x100.png 100w, https:\/\/uncafefrancais.com\/wp-content\/uploads\/2021\/02\/2019VG_Paris1-Les-Halles_Clt-et-Guide_jum-1.png 597w\" sizes=\"(max-width: 300px) 100vw, 300px\" \/>\t\t\t\t\t\t\t\t\t\t\t\t\t\t\t<\/div>\n\t\t\t\t<\/div>\n\t\t\t\t\t<\/div>\n\t\t<\/div>\n\t\t\t\t<div class=\"elementor-column elementor-col-50 elementor-top-column elementor-element elementor-element-4ff73b7\" data-id=\"4ff73b7\" data-element_type=\"column\">\n\t\t\t<div class=\"elementor-widget-wrap elementor-element-populated\">\n\t\t\t\t\t\t<div class=\"elementor-element elementor-element-c33f1c2 elementor-widget elementor-widget-text-editor\" data-id=\"c33f1c2\" data-element_type=\"widget\" data-widget_type=\"text-editor.default\">\n\t\t\t\t<div class=\"elementor-widget-container\">\n\t\t\t\t\t\t\t\t\t<p><span style=\"font-size: 16pt; font-family: 'parisineregular'; line-height: 2rem; color: #196278;\">Vous avez un projet particulier, pour vous ou votre petit groupe (famille, amis&#8230;), comme d\u00e9couvrir un quartier, un monument, aller au march\u00e9, etc., principalement en fran\u00e7ais.<\/span><\/p><p><span style=\"font-size: 16pt; font-family: 'parisineregular'; line-height: 2rem; color: #196278;\">N&#8217;h\u00e9sitez pas \u00e0 nous en parler, nous vous ferons des propositions pour rendre votre projet ou votre s\u00e9jour incroyablement fran\u00e7ais!<\/span><\/p>\t\t\t\t\t\t\t\t<\/div>\n\t\t\t\t<\/div>\n\t\t\t\t\t<\/div>\n\t\t<\/div>\n\t\t\t\t\t<\/div>\n\t\t<\/section>\n\t\t\t\t<section class=\"elementor-section elementor-top-section elementor-element elementor-element-daf7f3f elementor-section-boxed elementor-section-height-default elementor-section-height-default\" data-id=\"daf7f3f\" data-element_type=\"section\">\n\t\t\t\t\t\t<div class=\"elementor-container elementor-column-gap-default\">\n\t\t\t\t\t<div class=\"elementor-column elementor-col-100 elementor-top-column elementor-element elementor-element-80b32b1\" data-id=\"80b32b1\" data-element_type=\"column\">\n\t\t\t<div class=\"elementor-widget-wrap elementor-element-populated\">\n\t\t\t\t\t\t<div class=\"elementor-element elementor-element-8524e84 elementor-widget-divider--view-line elementor-widget elementor-widget-divider\" data-id=\"8524e84\" data-element_type=\"widget\" data-widget_type=\"divider.default\">\n\t\t\t\t<div class=\"elementor-widget-container\">\n\t\t\t\t\t\t\t<div class=\"elementor-divider\">\n\t\t\t<span class=\"elementor-divider-separator\">\n\t\t\t\t\t\t<\/span>\n\t\t<\/div>\n\t\t\t\t\t\t<\/div>\n\t\t\t\t<\/div>\n\t\t\t\t<div class=\"elementor-element elementor-element-4ed5811 elementor-widget elementor-widget-heading\" data-id=\"4ed5811\" data-element_type=\"widget\" data-widget_type=\"heading.default\">\n\t\t\t\t<div class=\"elementor-widget-container\">\n\t\t\t\t\t<h2 class=\"elementor-heading-title elementor-size-default\"><h2><strong lang=\"fr\" style=\"font-size: 25.0pt;font-family: 'tinet';line-height: 4rem;color: #483e6f\">Les conversations<\/strong><\/h2><\/h2>\t\t\t\t<\/div>\n\t\t\t\t<\/div>\n\t\t\t\t<div class=\"elementor-element elementor-element-7ff257c elementor-widget elementor-widget-spacer\" data-id=\"7ff257c\" data-element_type=\"widget\" data-widget_type=\"spacer.default\">\n\t\t\t\t<div class=\"elementor-widget-container\">\n\t\t\t\t\t\t\t<div class=\"elementor-spacer\">\n\t\t\t<div class=\"elementor-spacer-inner\"><\/div>\n\t\t<\/div>\n\t\t\t\t\t\t<\/div>\n\t\t\t\t<\/div>\n\t\t\t\t<div class=\"elementor-element elementor-element-b6feb84 elementor-widget elementor-widget-text-editor\" data-id=\"b6feb84\" data-element_type=\"widget\" data-widget_type=\"text-editor.default\">\n\t\t\t\t<div class=\"elementor-widget-container\">\n\t\t\t\t\t\t\t\t\t<span style=\"font-size: 16pt; font-family: 'parisineregular'; line-height: 2rem; color: #196278;\">Vous pr\u00e9f\u00e9rez des conversations priv\u00e9es, sur des sujets sp\u00e9cifiques, \u00e0 votre rythme?\u200d\u200d<\/span>\t\t\t\t\t\t\t\t<\/div>\n\t\t\t\t<\/div>\n\t\t\t\t<div class=\"elementor-element elementor-element-f3b10d2 elementor-widget elementor-widget-spacer\" data-id=\"f3b10d2\" data-element_type=\"widget\" data-widget_type=\"spacer.default\">\n\t\t\t\t<div class=\"elementor-widget-container\">\n\t\t\t\t\t\t\t<div class=\"elementor-spacer\">\n\t\t\t<div class=\"elementor-spacer-inner\"><\/div>\n\t\t<\/div>\n\t\t\t\t\t\t<\/div>\n\t\t\t\t<\/div>\n\t\t\t\t\t<\/div>\n\t\t<\/div>\n\t\t\t\t\t<\/div>\n\t\t<\/section>\n\t\t\t\t<section class=\"elementor-section elementor-top-section elementor-element elementor-element-481c86d elementor-section-boxed elementor-section-height-default elementor-section-height-default\" data-id=\"481c86d\" data-element_type=\"section\">\n\t\t\t\t\t\t<div class=\"elementor-container elementor-column-gap-default\">\n\t\t\t\t\t<div class=\"elementor-column elementor-col-50 elementor-top-column elementor-element elementor-element-d3f71c2\" data-id=\"d3f71c2\" data-element_type=\"column\">\n\t\t\t<div class=\"elementor-widget-wrap elementor-element-populated\">\n\t\t\t\t\t\t<div class=\"elementor-element elementor-element-0cf5ec6 elementor-widget elementor-widget-text-editor\" data-id=\"0cf5ec6\" data-element_type=\"widget\" data-widget_type=\"text-editor.default\">\n\t\t\t\t<div class=\"elementor-widget-container\">\n\t\t\t\t\t\t\t\t\t<span style=\"font-size: 16pt; font-family: 'parisineregular'; line-height: 2rem; color: #196278;\">Nous vous proposons de simples conversations \u00e0 l&#8217;unit\u00e9 ou \u00e0 la formule, bien s\u00fbr, mais vous pouvez aussi les m\u00e9langer avec de la grammaire gr\u00e2ce \u00e0 diff\u00e9rentes formules (en ligne, avec un peu ou beaucoup de grammaire, &#8230;).<\/span>\t\t\t\t\t\t\t\t<\/div>\n\t\t\t\t<\/div>\n\t\t\t\t<div class=\"elementor-element elementor-element-73bda68 elementor-widget elementor-widget-image\" data-id=\"73bda68\" data-element_type=\"widget\" data-widget_type=\"image.default\">\n\t\t\t\t<div class=\"elementor-widget-container\">\n\t\t\t\t\t\t\t\t\t\t\t\t\t\t\t\t<a href=\"https:\/\/uncafefrancais.com\/boutique\/formules\/maformule-telephonique\/\" rel=\"nofollow\">\n\t\t\t\t\t\t\t<img decoding=\"async\" width=\"300\" height=\"300\" src=\"https:\/\/uncafefrancais.com\/wp-content\/uploads\/2020\/04\/UCF-Jumelle-T\u00e9l\u00e9phone-D-compressor-300x300.png\" class=\"attachment-medium size-medium wp-image-4981\" alt=\"Vignette ronde \u00e9change linguistique et conversation en francais au t\u00e9l\u00e9phone\" srcset=\"https:\/\/uncafefrancais.com\/wp-content\/uploads\/2020\/04\/UCF-Jumelle-T\u00e9l\u00e9phone-D-compressor-300x300.png 300w, https:\/\/uncafefrancais.com\/wp-content\/uploads\/2020\/04\/UCF-Jumelle-T\u00e9l\u00e9phone-D-compressor-150x150.png 150w, https:\/\/uncafefrancais.com\/wp-content\/uploads\/2020\/04\/UCF-Jumelle-T\u00e9l\u00e9phone-D-compressor-100x100.png 100w, https:\/\/uncafefrancais.com\/wp-content\/uploads\/2020\/04\/UCF-Jumelle-T\u00e9l\u00e9phone-D-compressor.png 500w\" sizes=\"(max-width: 300px) 100vw, 300px\" \/>\t\t\t\t\t\t\t\t<\/a>\n\t\t\t\t\t\t\t\t\t\t\t\t\t\t\t<\/div>\n\t\t\t\t<\/div>\n\t\t\t\t\t<\/div>\n\t\t<\/div>\n\t\t\t\t<div class=\"elementor-column elementor-col-50 elementor-top-column elementor-element elementor-element-f829b7d\" data-id=\"f829b7d\" data-element_type=\"column\">\n\t\t\t<div class=\"elementor-widget-wrap elementor-element-populated\">\n\t\t\t\t\t\t<div class=\"elementor-element elementor-element-f38aabe elementor-widget elementor-widget-image\" data-id=\"f38aabe\" data-element_type=\"widget\" data-widget_type=\"image.default\">\n\t\t\t\t<div class=\"elementor-widget-container\">\n\t\t\t\t\t\t\t\t\t\t\t\t\t\t\t<img decoding=\"async\" width=\"300\" height=\"300\" src=\"https:\/\/uncafefrancais.com\/wp-content\/uploads\/2020\/08\/FormuleRencontreCompress-300x300.png\" class=\"attachment-medium size-medium wp-image-6193\" alt=\"Vignette ronde formule rencontre compress\u00e9e\" srcset=\"https:\/\/uncafefrancais.com\/wp-content\/uploads\/2020\/08\/FormuleRencontreCompress-300x300.png 300w, https:\/\/uncafefrancais.com\/wp-content\/uploads\/2020\/08\/FormuleRencontreCompress-1024x1024.png 1024w, https:\/\/uncafefrancais.com\/wp-content\/uploads\/2020\/08\/FormuleRencontreCompress-150x150.png 150w, https:\/\/uncafefrancais.com\/wp-content\/uploads\/2020\/08\/FormuleRencontreCompress-768x768.png 768w, https:\/\/uncafefrancais.com\/wp-content\/uploads\/2020\/08\/FormuleRencontreCompress-600x600.png 600w, https:\/\/uncafefrancais.com\/wp-content\/uploads\/2020\/08\/FormuleRencontreCompress-100x100.png 100w, https:\/\/uncafefrancais.com\/wp-content\/uploads\/2020\/08\/FormuleRencontreCompress.png 500w\" sizes=\"(max-width: 300px) 100vw, 300px\" \/>\t\t\t\t\t\t\t\t\t\t\t\t\t\t\t<\/div>\n\t\t\t\t<\/div>\n\t\t\t\t<div class=\"elementor-element elementor-element-a5d2f02 elementor-widget elementor-widget-text-editor\" data-id=\"a5d2f02\" data-element_type=\"widget\" data-widget_type=\"text-editor.default\">\n\t\t\t\t<div class=\"elementor-widget-container\">\n\t\t\t\t\t\t\t\t\t<p><span style=\"font-size: 16pt; font-family: 'parisineregular'; line-height: 2rem; color: #196278;\">Enfin, vous baladez en France et parler spontan\u00e9ment avec les commer\u00e7ants ne vous met plus mal \u00e0 l&#8217;aise.<br \/>Par contre le t\u00e9l\u00e9phone&#8230; rien que d&#8217;en parler, vous en perdez votre voix ?<\/span><\/p><p><span style=\"font-size: 16pt; font-family: 'parisineregular'; line-height: 2rem; color: #196278;\">Pas de panique : o\u00f9 que vous soyez, on est l\u00e0 et on s&#8217;entra\u00eene ensemble pour am\u00e9liorer votre aisance.<\/span><\/p>\t\t\t\t\t\t\t\t<\/div>\n\t\t\t\t<\/div>\n\t\t\t\t\t<\/div>\n\t\t<\/div>\n\t\t\t\t\t<\/div>\n\t\t<\/section>\n\t\t\t\t<section class=\"elementor-section elementor-top-section elementor-element elementor-element-e0bfb99 elementor-section-boxed elementor-section-height-default elementor-section-height-default\" data-id=\"e0bfb99\" data-element_type=\"section\">\n\t\t\t\t\t\t<div class=\"elementor-container elementor-column-gap-default\">\n\t\t\t\t\t<div class=\"elementor-column elementor-col-100 elementor-top-column elementor-element elementor-element-ac6b158\" data-id=\"ac6b158\" data-element_type=\"column\">\n\t\t\t<div class=\"elementor-widget-wrap elementor-element-populated\">\n\t\t\t\t\t\t<div class=\"elementor-element elementor-element-15e7269 elementor-widget-divider--view-line elementor-widget elementor-widget-divider\" data-id=\"15e7269\" data-element_type=\"widget\" data-widget_type=\"divider.default\">\n\t\t\t\t<div class=\"elementor-widget-container\">\n\t\t\t\t\t\t\t<div class=\"elementor-divider\">\n\t\t\t<span class=\"elementor-divider-separator\">\n\t\t\t\t\t\t<\/span>\n\t\t<\/div>\n\t\t\t\t\t\t<\/div>\n\t\t\t\t<\/div>\n\t\t\t\t\t<\/div>\n\t\t<\/div>\n\t\t\t\t\t<\/div>\n\t\t<\/section>\n\t\t\t\t<section class=\"elementor-section elementor-top-section elementor-element elementor-element-754a9fb elementor-section-boxed elementor-section-height-default elementor-section-height-default\" data-id=\"754a9fb\" data-element_type=\"section\">\n\t\t\t\t\t\t<div class=\"elementor-container elementor-column-gap-default\">\n\t\t\t\t\t<div class=\"elementor-column elementor-col-100 elementor-top-column elementor-element elementor-element-4f9630d\" data-id=\"4f9630d\" data-element_type=\"column\">\n\t\t\t<div class=\"elementor-widget-wrap elementor-element-populated\">\n\t\t\t\t\t\t<div class=\"elementor-element elementor-element-c6ea8a4 elementor-widget elementor-widget-spacer\" data-id=\"c6ea8a4\" data-element_type=\"widget\" data-widget_type=\"spacer.default\">\n\t\t\t\t<div class=\"elementor-widget-container\">\n\t\t\t\t\t\t\t<div class=\"elementor-spacer\">\n\t\t\t<div class=\"elementor-spacer-inner\"><\/div>\n\t\t<\/div>\n\t\t\t\t\t\t<\/div>\n\t\t\t\t<\/div>\n\t\t\t\t<div class=\"elementor-element elementor-element-a0e104d elementor-widget elementor-widget-text-editor\" data-id=\"a0e104d\" data-element_type=\"widget\" data-widget_type=\"text-editor.default\">\n\t\t\t\t<div class=\"elementor-widget-container\">\n\t\t\t\t\t\t\t\t\t<p style=\"text-align: center;\"><span style=\"font-size: 14pt; font-family: 'parisineregular'; line-height: 2rem; color: #483e6f;\">Une de ces propositions vous tente ? R\u00e9servez votre s\u00e9ance ou contactez-nous pour plus d&#8217;informations.\u200d<\/span>\t\t\t\t\t\t\t\t<\/div>\n\t\t\t\t<\/div>\n\t\t\t\t<div class=\"elementor-element elementor-element-5857b32 elementor-button-warning elementor-align-center elementor-widget elementor-widget-button\" data-id=\"5857b32\" data-element_type=\"widget\" data-widget_type=\"button.default\">\n\t\t\t\t<div class=\"elementor-widget-container\">\n\t\t\t\t\t\t\t\t\t<div class=\"elementor-button-wrapper\">\n\t\t\t\t\t<a class=\"elementor-button elementor-button-link elementor-size-sm\" href=\"https:\/\/uncafefrancais.com\/contact\" target=\"_blank\">\n\t\t\t\t\t\t<span class=\"elementor-button-content-wrapper\">\n\t\t\t\t\t\t\t\t\t<span class=\"elementor-button-text\">Organisons \u00e7a !<\/span>\n\t\t\t\t\t<\/span>\n\t\t\t\t\t<\/a>\n\t\t\t\t<\/div>\n\t\t\t\t\t\t\t\t<\/div>\n\t\t\t\t<\/div>\n\t\t\t\t\t<\/div>\n\t\t<\/div>\n\t\t\t\t\t<\/div>\n\t\t<\/section>\n\t\t\t\t<\/div>\n\t\t","protected":false},"excerpt":{"rendered":"<p>Meets You have a specific goal, for you or you and family or friends, such as exploring a neighborhood, a monument, going to the market, etc., obviously mostly in French.&hellip; <br \/> <a class=\"read-more\" href=\"https:\/\/uncafefrancais.com\/en\/a-la-carte\/\">Read more<\/a><\/p>\n","protected":false},"author":4,"featured_media":0,"parent":0,"menu_order":0,"comment_status":"closed","ping_status":"closed","template":"","meta":{"_price":"","_stock":"","_tribe_ticket_header":"","_tribe_default_ticket_provider":"Tribe__Tickets__Commerce__PayPal__Main","_tribe_ticket_capacity":"","_ticket_start_date":"","_ticket_end_date":"","_tribe_ticket_show_description":"","_tribe_ticket_show_not_going":false,"_tribe_ticket_use_global_stock":"","_tribe_ticket_global_stock_level":"","_global_stock_mode":"","_global_stock_cap":"","_tribe_rsvp_for_event":"","_tribe_ticket_going_count":"","_tribe_ticket_not_going_count":"","_tribe_tickets_list":"[]","_tribe_ticket_has_attendee_info_fields":false,"footnotes":"","_tec_slr_enabled":"","_tec_slr_layout":""},"class_list":["post-9618","page","type-page","status-publish","hentry"],"yoast_head":"<!-- This site is optimized with the Yoast SEO plugin v27.4 - https:\/\/yoast.com\/product\/yoast-seo-wordpress\/ -->\n<title>\u00c0 la carte... | Un Caf\u00e9 Fran\u00e7ais<\/title>\n<meta name=\"description\" content=\"Les rencontresMeets Vous avez un projet particulier, pour vous ou votre petit groupe (famille, amis...), comme d\u00e9couvrir un quartier, un monument, aller\" \/>\n<meta name=\"robots\" content=\"index, follow, max-snippet:-1, max-image-preview:large, max-video-preview:-1\" \/>\n<link rel=\"canonical\" href=\"https:\/\/uncafefrancais.com\/a-la-carte\/\" \/>\n<meta property=\"og:locale\" content=\"en_US\" \/>\n<meta property=\"og:type\" content=\"article\" \/>\n<meta property=\"og:title\" content=\"\u00c0 la carte... | Un Caf\u00e9 Fran\u00e7ais\" \/>\n<meta property=\"og:description\" content=\"Les rencontresMeets Vous avez un projet particulier, pour vous ou votre petit groupe (famille, amis...), comme d\u00e9couvrir un quartier, un monument, aller\" \/>\n<meta property=\"og:url\" content=\"https:\/\/uncafefrancais.com\/a-la-carte\/\" \/>\n<meta property=\"og:site_name\" content=\"Un Caf\u00e9 Fran\u00e7ais\" \/>\n<meta property=\"article:modified_time\" content=\"2021-11-09T17:28:08+00:00\" \/>\n<meta property=\"og:image\" content=\"https:\/\/uncafefrancais.com\/wp-content\/uploads\/2021\/02\/2019VG_Paris1-Les-Halles_Clt-et-Guide_jum-1-300x300.png\" \/>\n<meta name=\"twitter:card\" content=\"summary_large_image\" \/>\n<script type=\"application\/ld+json\" class=\"yoast-schema-graph\">{\"@context\":\"https:\\\/\\\/schema.org\",\"@graph\":[{\"@type\":\"WebPage\",\"@id\":\"https:\\\/\\\/uncafefrancais.com\\\/a-la-carte\\\/\",\"url\":\"https:\\\/\\\/uncafefrancais.com\\\/a-la-carte\\\/\",\"name\":\"\u00c0 la carte... | Un Caf\u00e9 Fran\u00e7ais\",\"isPartOf\":{\"@id\":\"https:\\\/\\\/uncafefrancais.com\\\/#website\"},\"primaryImageOfPage\":{\"@id\":\"https:\\\/\\\/uncafefrancais.com\\\/a-la-carte\\\/#primaryimage\"},\"image\":{\"@id\":\"https:\\\/\\\/uncafefrancais.com\\\/a-la-carte\\\/#primaryimage\"},\"thumbnailUrl\":\"https:\\\/\\\/uncafefrancais.com\\\/wp-content\\\/uploads\\\/2021\\\/02\\\/2019VG_Paris1-Les-Halles_Clt-et-Guide_jum-1-300x300.png\",\"datePublished\":\"2021-09-03T16:27:03+00:00\",\"dateModified\":\"2021-11-09T17:28:08+00:00\",\"description\":\"Les rencontresMeets Vous avez un projet particulier, pour vous ou votre petit groupe (famille, amis...), comme d\u00e9couvrir un quartier, un monument, aller\",\"breadcrumb\":{\"@id\":\"https:\\\/\\\/uncafefrancais.com\\\/a-la-carte\\\/#breadcrumb\"},\"inLanguage\":\"en-US\",\"potentialAction\":[{\"@type\":\"ReadAction\",\"target\":[\"https:\\\/\\\/uncafefrancais.com\\\/a-la-carte\\\/\"]}]},{\"@type\":\"ImageObject\",\"inLanguage\":\"en-US\",\"@id\":\"https:\\\/\\\/uncafefrancais.com\\\/a-la-carte\\\/#primaryimage\",\"url\":\"https:\\\/\\\/uncafefrancais.com\\\/wp-content\\\/uploads\\\/2021\\\/02\\\/2019VG_Paris1-Les-Halles_Clt-et-Guide_jum-1-300x300.png\",\"contentUrl\":\"https:\\\/\\\/uncafefrancais.com\\\/wp-content\\\/uploads\\\/2021\\\/02\\\/2019VG_Paris1-Les-Halles_Clt-et-Guide_jum-1-300x300.png\"},{\"@type\":\"BreadcrumbList\",\"@id\":\"https:\\\/\\\/uncafefrancais.com\\\/a-la-carte\\\/#breadcrumb\",\"itemListElement\":[{\"@type\":\"ListItem\",\"position\":1,\"name\":\"Accueil\",\"item\":\"https:\\\/\\\/uncafefrancais.com\\\/\"},{\"@type\":\"ListItem\",\"position\":2,\"name\":\"\u00c0 la carte&#8230;\"}]},{\"@type\":\"WebSite\",\"@id\":\"https:\\\/\\\/uncafefrancais.com\\\/#website\",\"url\":\"https:\\\/\\\/uncafefrancais.com\\\/\",\"name\":\"Un Caf\u00e9 Fran\u00e7ais\",\"description\":\"Best way to learn French!\",\"publisher\":{\"@id\":\"https:\\\/\\\/uncafefrancais.com\\\/#organization\"},\"potentialAction\":[{\"@type\":\"SearchAction\",\"target\":{\"@type\":\"EntryPoint\",\"urlTemplate\":\"https:\\\/\\\/uncafefrancais.com\\\/?s={search_term_string}\"},\"query-input\":{\"@type\":\"PropertyValueSpecification\",\"valueRequired\":true,\"valueName\":\"search_term_string\"}}],\"inLanguage\":\"en-US\"},{\"@type\":\"Organization\",\"@id\":\"https:\\\/\\\/uncafefrancais.com\\\/#organization\",\"name\":\"Un Caf\u00e9 Fran\u00e7ais\",\"url\":\"https:\\\/\\\/uncafefrancais.com\\\/\",\"logo\":{\"@type\":\"ImageObject\",\"inLanguage\":\"en-US\",\"@id\":\"https:\\\/\\\/uncafefrancais.com\\\/#\\\/schema\\\/logo\\\/image\\\/\",\"url\":\"https:\\\/\\\/uncafefrancais.com\\\/wp-content\\\/uploads\\\/2020\\\/03\\\/2018-Logo-UCF-txt-Noirbline.png\",\"contentUrl\":\"https:\\\/\\\/uncafefrancais.com\\\/wp-content\\\/uploads\\\/2020\\\/03\\\/2018-Logo-UCF-txt-Noirbline.png\",\"width\":500,\"height\":397,\"caption\":\"Un Caf\u00e9 Fran\u00e7ais\"},\"image\":{\"@id\":\"https:\\\/\\\/uncafefrancais.com\\\/#\\\/schema\\\/logo\\\/image\\\/\"}}]}<\/script>\n<!-- \/ Yoast SEO plugin. -->","yoast_head_json":{"title":"\u00c0 la carte... | Un Caf\u00e9 Fran\u00e7ais","description":"Les rencontresMeets Vous avez un projet particulier, pour vous ou votre petit groupe (famille, amis...), comme d\u00e9couvrir un quartier, un monument, aller","robots":{"index":"index","follow":"follow","max-snippet":"max-snippet:-1","max-image-preview":"max-image-preview:large","max-video-preview":"max-video-preview:-1"},"canonical":"https:\/\/uncafefrancais.com\/a-la-carte\/","og_locale":"en_US","og_type":"article","og_title":"\u00c0 la carte... | Un Caf\u00e9 Fran\u00e7ais","og_description":"Les rencontresMeets Vous avez un projet particulier, pour vous ou votre petit groupe (famille, amis...), comme d\u00e9couvrir un quartier, un monument, aller","og_url":"https:\/\/uncafefrancais.com\/a-la-carte\/","og_site_name":"Un Caf\u00e9 Fran\u00e7ais","article_modified_time":"2021-11-09T17:28:08+00:00","og_image":[{"url":"https:\/\/uncafefrancais.com\/wp-content\/uploads\/2021\/02\/2019VG_Paris1-Les-Halles_Clt-et-Guide_jum-1-300x300.png","type":"","width":"","height":""}],"twitter_card":"summary_large_image","schema":{"@context":"https:\/\/schema.org","@graph":[{"@type":"WebPage","@id":"https:\/\/uncafefrancais.com\/a-la-carte\/","url":"https:\/\/uncafefrancais.com\/a-la-carte\/","name":"\u00c0 la carte... | Un Caf\u00e9 Fran\u00e7ais","isPartOf":{"@id":"https:\/\/uncafefrancais.com\/#website"},"primaryImageOfPage":{"@id":"https:\/\/uncafefrancais.com\/a-la-carte\/#primaryimage"},"image":{"@id":"https:\/\/uncafefrancais.com\/a-la-carte\/#primaryimage"},"thumbnailUrl":"https:\/\/uncafefrancais.com\/wp-content\/uploads\/2021\/02\/2019VG_Paris1-Les-Halles_Clt-et-Guide_jum-1-300x300.png","datePublished":"2021-09-03T16:27:03+00:00","dateModified":"2021-11-09T17:28:08+00:00","description":"Les rencontresMeets Vous avez un projet particulier, pour vous ou votre petit groupe (famille, amis...), comme d\u00e9couvrir un quartier, un monument, aller","breadcrumb":{"@id":"https:\/\/uncafefrancais.com\/a-la-carte\/#breadcrumb"},"inLanguage":"en-US","potentialAction":[{"@type":"ReadAction","target":["https:\/\/uncafefrancais.com\/a-la-carte\/"]}]},{"@type":"ImageObject","inLanguage":"en-US","@id":"https:\/\/uncafefrancais.com\/a-la-carte\/#primaryimage","url":"https:\/\/uncafefrancais.com\/wp-content\/uploads\/2021\/02\/2019VG_Paris1-Les-Halles_Clt-et-Guide_jum-1-300x300.png","contentUrl":"https:\/\/uncafefrancais.com\/wp-content\/uploads\/2021\/02\/2019VG_Paris1-Les-Halles_Clt-et-Guide_jum-1-300x300.png"},{"@type":"BreadcrumbList","@id":"https:\/\/uncafefrancais.com\/a-la-carte\/#breadcrumb","itemListElement":[{"@type":"ListItem","position":1,"name":"Accueil","item":"https:\/\/uncafefrancais.com\/"},{"@type":"ListItem","position":2,"name":"\u00c0 la carte&#8230;"}]},{"@type":"WebSite","@id":"https:\/\/uncafefrancais.com\/#website","url":"https:\/\/uncafefrancais.com\/","name":"Un Caf\u00e9 Fran\u00e7ais","description":"Best way to learn French!","publisher":{"@id":"https:\/\/uncafefrancais.com\/#organization"},"potentialAction":[{"@type":"SearchAction","target":{"@type":"EntryPoint","urlTemplate":"https:\/\/uncafefrancais.com\/?s={search_term_string}"},"query-input":{"@type":"PropertyValueSpecification","valueRequired":true,"valueName":"search_term_string"}}],"inLanguage":"en-US"},{"@type":"Organization","@id":"https:\/\/uncafefrancais.com\/#organization","name":"Un Caf\u00e9 Fran\u00e7ais","url":"https:\/\/uncafefrancais.com\/","logo":{"@type":"ImageObject","inLanguage":"en-US","@id":"https:\/\/uncafefrancais.com\/#\/schema\/logo\/image\/","url":"https:\/\/uncafefrancais.com\/wp-content\/uploads\/2020\/03\/2018-Logo-UCF-txt-Noirbline.png","contentUrl":"https:\/\/uncafefrancais.com\/wp-content\/uploads\/2020\/03\/2018-Logo-UCF-txt-Noirbline.png","width":500,"height":397,"caption":"Un Caf\u00e9 Fran\u00e7ais"},"image":{"@id":"https:\/\/uncafefrancais.com\/#\/schema\/logo\/image\/"}}]}},"ticketed":false,"_links":{"self":[{"href":"https:\/\/uncafefrancais.com\/en\/wp-json\/wp\/v2\/pages\/9618","targetHints":{"allow":["GET"]}}],"collection":[{"href":"https:\/\/uncafefrancais.com\/en\/wp-json\/wp\/v2\/pages"}],"about":[{"href":"https:\/\/uncafefrancais.com\/en\/wp-json\/wp\/v2\/types\/page"}],"author":[{"embeddable":true,"href":"https:\/\/uncafefrancais.com\/en\/wp-json\/wp\/v2\/users\/4"}],"replies":[{"embeddable":true,"href":"https:\/\/uncafefrancais.com\/en\/wp-json\/wp\/v2\/comments?post=9618"}],"version-history":[{"count":0,"href":"https:\/\/uncafefrancais.com\/en\/wp-json\/wp\/v2\/pages\/9618\/revisions"}],"wp:attachment":[{"href":"https:\/\/uncafefrancais.com\/en\/wp-json\/wp\/v2\/media?parent=9618"}],"curies":[{"name":"wp","href":"https:\/\/api.w.org\/{rel}","templated":true}]}}