{"id":963,"date":"2019-12-13T14:22:37","date_gmt":"2019-12-13T14:22:37","guid":{"rendered":"https:\/\/uncafefrancais.com\/?page_id=963-old"},"modified":"2021-11-02T10:15:48","modified_gmt":"2021-11-02T09:15:48","slug":"en-images","status":"publish","type":"page","link":"https:\/\/uncafefrancais.com\/en\/en-images\/","title":{"rendered":"En images"},"content":{"rendered":"\t\t<div data-elementor-type=\"wp-page\" data-elementor-id=\"963\" class=\"elementor elementor-963\">\n\t\t\t\t\t\t<section class=\"elementor-section elementor-top-section elementor-element elementor-element-4c24a71 elementor-section-boxed elementor-section-height-default elementor-section-height-default\" data-id=\"4c24a71\" data-element_type=\"section\">\n\t\t\t\t\t\t<div class=\"elementor-container elementor-column-gap-default\">\n\t\t\t\t\t<div class=\"elementor-column elementor-col-100 elementor-top-column elementor-element elementor-element-38c890b\" data-id=\"38c890b\" data-element_type=\"column\">\n\t\t\t<div class=\"elementor-widget-wrap elementor-element-populated\">\n\t\t\t\t\t\t<div class=\"elementor-element elementor-element-747931a elementor-arrows-position-outside elementor-widget elementor-widget-image-carousel\" data-id=\"747931a\" data-element_type=\"widget\" data-settings=\"{&quot;slides_to_show&quot;:&quot;1&quot;,&quot;effect&quot;:&quot;fade&quot;,&quot;navigation&quot;:&quot;arrows&quot;,&quot;autoplay&quot;:&quot;yes&quot;,&quot;pause_on_hover&quot;:&quot;yes&quot;,&quot;pause_on_interaction&quot;:&quot;yes&quot;,&quot;autoplay_speed&quot;:5000,&quot;infinite&quot;:&quot;yes&quot;,&quot;speed&quot;:500}\" data-widget_type=\"image-carousel.default\">\n\t\t\t\t<div class=\"elementor-widget-container\">\n\t\t\t\t\t\t\t<div class=\"elementor-image-carousel-wrapper swiper\" role=\"region\" aria-roledescription=\"carousel\" aria-label=\"Carrousel d\u2019images\" dir=\"ltr\">\n\t\t\t<div class=\"elementor-image-carousel swiper-wrapper\" aria-live=\"off\">\n\t\t\t\t\t\t\t\t<div class=\"swiper-slide\" role=\"group\" aria-roledescription=\"slide\" aria-label=\"1 sur 38\"><figure class=\"swiper-slide-inner\"><img decoding=\"async\" class=\"swiper-slide-image\" src=\"https:\/\/uncafefrancais.com\/wp-content\/uploads\/2020\/02\/Bulles18-1024x768.png\" alt=\"Photo d&#039;int\u00e9rieur d&#039;un restaurant avec un mur v\u00e9g\u00e9talis\u00e9\" \/><\/figure><\/div><div class=\"swiper-slide\" role=\"group\" aria-roledescription=\"slide\" aria-label=\"2 sur 38\"><figure class=\"swiper-slide-inner\"><img decoding=\"async\" class=\"swiper-slide-image\" src=\"https:\/\/uncafefrancais.com\/wp-content\/uploads\/2019\/12\/UVP19juillet_aLaBoulangerie1-25-768x1024.jpg\" alt=\"Photo d&#039;un participant \u00e0 l&#039;atelier boulangerie\" \/><\/figure><\/div><div class=\"swiper-slide\" role=\"group\" aria-roledescription=\"slide\" aria-label=\"3 sur 38\"><figure class=\"swiper-slide-inner\"><img decoding=\"async\" class=\"swiper-slide-image\" src=\"https:\/\/uncafefrancais.com\/wp-content\/uploads\/2019\/12\/20190305_Dessin_Structure-AlexH-3comm-compressor-1024x768.jpg\" alt=\"Photo atelier dessin et structure\" \/><\/figure><\/div><div class=\"swiper-slide\" role=\"group\" aria-roledescription=\"slide\" aria-label=\"4 sur 38\"><figure class=\"swiper-slide-inner\"><img decoding=\"async\" class=\"swiper-slide-image\" src=\"https:\/\/uncafefrancais.com\/wp-content\/uploads\/2019\/12\/20191402-VG-Mtm-pour-COM-576x1024.jpg\" alt=\"Photo d&#039;un moulin lors d&#039;une visit\u00e9 guid\u00e9e\" \/><\/figure><\/div><div class=\"swiper-slide\" role=\"group\" aria-roledescription=\"slide\" aria-label=\"5 sur 38\"><figure class=\"swiper-slide-inner\"><img decoding=\"async\" class=\"swiper-slide-image\" src=\"https:\/\/uncafefrancais.com\/wp-content\/uploads\/2019\/12\/IMG_20191121_111130-1024x768.jpg\" alt=\"Photo du miroir murale d&#039;un caf\u00e9 citant Epicure\" \/><\/figure><\/div><div class=\"swiper-slide\" role=\"group\" aria-roledescription=\"slide\" aria-label=\"6 sur 38\"><figure class=\"swiper-slide-inner\"><img decoding=\"async\" class=\"swiper-slide-image\" src=\"https:\/\/uncafefrancais.com\/wp-content\/uploads\/2020\/02\/Pal-1024x768.png\" alt=\"Photo d&#039;int\u00e9rieur d&#039;un caf\u00e9 style d\u00e9cor ann\u00e9es 30\" \/><\/figure><\/div><div class=\"swiper-slide\" role=\"group\" aria-roledescription=\"slide\" aria-label=\"7 sur 38\"><figure class=\"swiper-slide-inner\"><img decoding=\"async\" class=\"swiper-slide-image\" src=\"https:\/\/uncafefrancais.com\/wp-content\/uploads\/2019\/12\/IMG_20180626_193322-1024x768.jpg\" alt=\"Photo de participantes \u00e0 l&#039;atelier art floral\" \/><\/figure><\/div><div class=\"swiper-slide\" role=\"group\" aria-roledescription=\"slide\" aria-label=\"8 sur 38\"><figure class=\"swiper-slide-inner\"><img decoding=\"async\" class=\"swiper-slide-image\" src=\"https:\/\/uncafefrancais.com\/wp-content\/uploads\/2019\/12\/2014-07-215-681x1024.jpg\" alt=\"Photo d\u00e9couverte des pains fait durant l&#039;atelier apr\u00e8s cuisson\" \/><\/figure><\/div><div class=\"swiper-slide\" role=\"group\" aria-roledescription=\"slide\" aria-label=\"9 sur 38\"><figure class=\"swiper-slide-inner\"><img decoding=\"async\" class=\"swiper-slide-image\" src=\"https:\/\/uncafefrancais.com\/wp-content\/uploads\/2019\/12\/IMG_20190313_201951-compressor-1024x768.jpg\" alt=\"Photo de 2 bols fabriqu\u00e9s durant l&#039;atelier peinture sur c\u00e9ramique 2\" \/><\/figure><\/div><div class=\"swiper-slide\" role=\"group\" aria-roledescription=\"slide\" aria-label=\"10 sur 38\"><figure class=\"swiper-slide-inner\"><img decoding=\"async\" class=\"swiper-slide-image\" src=\"https:\/\/uncafefrancais.com\/wp-content\/uploads\/2020\/01\/IMG_20190603_145917-compressor-1024x768.jpg\" alt=\"Photo d&#039;int\u00e9rieur d&#039;un restaurant cosy avec son comptoir\" \/><\/figure><\/div><div class=\"swiper-slide\" role=\"group\" aria-roledescription=\"slide\" aria-label=\"11 sur 38\"><figure class=\"swiper-slide-inner\"><img decoding=\"async\" class=\"swiper-slide-image\" src=\"https:\/\/uncafefrancais.com\/wp-content\/uploads\/2020\/02\/bAnt17-1024x768.png\" alt=\"Photo d&#039;int\u00e9rieur d&#039;une brasserie - caf\u00e9\" \/><\/figure><\/div><div class=\"swiper-slide\" role=\"group\" aria-roledescription=\"slide\" aria-label=\"12 sur 38\"><figure class=\"swiper-slide-inner\"><img decoding=\"async\" class=\"swiper-slide-image\" src=\"https:\/\/uncafefrancais.com\/wp-content\/uploads\/2019\/12\/IMG_20180626_202935-1-768x1024.jpg\" alt=\"Photo d&#039;une couronne de fleurs pendant l&#039;atelier art floral\" \/><\/figure><\/div><div class=\"swiper-slide\" role=\"group\" aria-roledescription=\"slide\" aria-label=\"13 sur 38\"><figure class=\"swiper-slide-inner\"><img decoding=\"async\" class=\"swiper-slide-image\" src=\"https:\/\/uncafefrancais.com\/wp-content\/uploads\/2019\/12\/IMG_20191017_105311-768x1024.jpg\" alt=\"Photo d&#039;un personne attabl\u00e9e au caf\u00e9 en train d&#039;\u00e9crire\" \/><\/figure><\/div><div class=\"swiper-slide\" role=\"group\" aria-roledescription=\"slide\" aria-label=\"14 sur 38\"><figure class=\"swiper-slide-inner\"><img decoding=\"async\" class=\"swiper-slide-image\" src=\"https:\/\/uncafefrancais.com\/wp-content\/uploads\/2020\/01\/uncafefrancais_gudule-compressor-1024x768.jpg\" alt=\"Photo du comptoir d&#039;un caf\u00e9 restaurant avec un v\u00e9lo au plafond\" \/><\/figure><\/div><div class=\"swiper-slide\" role=\"group\" aria-roledescription=\"slide\" aria-label=\"15 sur 38\"><figure class=\"swiper-slide-inner\"><img decoding=\"async\" class=\"swiper-slide-image\" src=\"https:\/\/uncafefrancais.com\/wp-content\/uploads\/2019\/12\/IMG_4967-1024x768.jpg\" alt=\"Photo atelier boulangerie confection d&#039;oeufs de p\u00e2que au chocolat 3\" \/><\/figure><\/div><div class=\"swiper-slide\" role=\"group\" aria-roledescription=\"slide\" aria-label=\"16 sur 38\"><figure class=\"swiper-slide-inner\"><img decoding=\"async\" class=\"swiper-slide-image\" src=\"https:\/\/uncafefrancais.com\/wp-content\/uploads\/2019\/12\/20190305_Dessin_Structure-AlexH-4comm-768x1024.jpg\" alt=\"Photo d\u00e9tails atelier dessin et structure\" \/><\/figure><\/div><div class=\"swiper-slide\" role=\"group\" aria-roledescription=\"slide\" aria-label=\"17 sur 38\"><figure class=\"swiper-slide-inner\"><img decoding=\"async\" class=\"swiper-slide-image\" src=\"https:\/\/uncafefrancais.com\/wp-content\/uploads\/2020\/02\/uncafefrancais_cafe-cascadeterrassenuit-compressor-1024x768.jpg\" alt=\"Photo ext\u00e9rieur d&#039;un caf\u00e9 restaurant la nuit\" \/><\/figure><\/div><div class=\"swiper-slide\" role=\"group\" aria-roledescription=\"slide\" aria-label=\"18 sur 38\"><figure class=\"swiper-slide-inner\"><img decoding=\"async\" class=\"swiper-slide-image\" src=\"https:\/\/uncafefrancais.com\/wp-content\/uploads\/2019\/12\/cropped-2014-07-21-scaled-1-1024x613.jpg\" alt=\"Atelier boulangerie.jpg\" \/><\/figure><\/div><div class=\"swiper-slide\" role=\"group\" aria-roledescription=\"slide\" aria-label=\"19 sur 38\"><figure class=\"swiper-slide-inner\"><img decoding=\"async\" class=\"swiper-slide-image\" src=\"https:\/\/uncafefrancais.com\/wp-content\/uploads\/2020\/02\/BoZ-1024x768.png\" alt=\"Photo d&#039;int\u00e9rieur d&#039;un caf\u00e9 restaurant\" \/><\/figure><\/div><div class=\"swiper-slide\" role=\"group\" aria-roledescription=\"slide\" aria-label=\"20 sur 38\"><figure class=\"swiper-slide-inner\"><img decoding=\"async\" class=\"swiper-slide-image\" src=\"https:\/\/uncafefrancais.com\/wp-content\/uploads\/2019\/12\/IMG_20190808_094727-768x1024.jpg\" alt=\"Photo de personnes discutant au caf\u00e9 en ext\u00e9rieur\" \/><\/figure><\/div><div class=\"swiper-slide\" role=\"group\" aria-roledescription=\"slide\" aria-label=\"21 sur 38\"><figure class=\"swiper-slide-inner\"><img decoding=\"async\" class=\"swiper-slide-image\" src=\"https:\/\/uncafefrancais.com\/wp-content\/uploads\/2019\/12\/UVP-Fraisier2015-31-1024x768.jpg\" alt=\"Photo de participants \u00e0 l&#039;atelier culinaire\" \/><\/figure><\/div><div class=\"swiper-slide\" role=\"group\" aria-roledescription=\"slide\" aria-label=\"22 sur 38\"><figure class=\"swiper-slide-inner\"><img decoding=\"async\" class=\"swiper-slide-image\" src=\"https:\/\/uncafefrancais.com\/wp-content\/uploads\/2019\/12\/IMG_20190726_113028-768x1024.jpg\" alt=\"Photo d&#039;un monument \u00e0 paris durant une visite guid\u00e9e\" \/><\/figure><\/div><div class=\"swiper-slide\" role=\"group\" aria-roledescription=\"slide\" aria-label=\"23 sur 38\"><figure class=\"swiper-slide-inner\"><img decoding=\"async\" class=\"swiper-slide-image\" src=\"https:\/\/uncafefrancais.com\/wp-content\/uploads\/2020\/02\/Bist10-1024x768.png\" alt=\"Photo d&#039;un salon lounge Banquette rouge et BD\" \/><\/figure><\/div><div class=\"swiper-slide\" role=\"group\" aria-roledescription=\"slide\" aria-label=\"24 sur 38\"><figure class=\"swiper-slide-inner\"><img decoding=\"async\" class=\"swiper-slide-image\" src=\"https:\/\/uncafefrancais.com\/wp-content\/uploads\/2020\/01\/2018nov-Atelier-Parfum-moi1-compressor-1-1024x576.jpg\" alt=\"Photo atelier parfumerie\" \/><\/figure><\/div><div class=\"swiper-slide\" role=\"group\" aria-roledescription=\"slide\" aria-label=\"25 sur 38\"><figure class=\"swiper-slide-inner\"><img decoding=\"async\" class=\"swiper-slide-image\" src=\"https:\/\/uncafefrancais.com\/wp-content\/uploads\/2019\/12\/mms_img14726310521-576x1024.jpg\" alt=\"Photo de l&#039;atelier grafitti en mousse\" \/><\/figure><\/div><div class=\"swiper-slide\" role=\"group\" aria-roledescription=\"slide\" aria-label=\"26 sur 38\"><figure class=\"swiper-slide-inner\"><img decoding=\"async\" class=\"swiper-slide-image\" src=\"https:\/\/uncafefrancais.com\/wp-content\/uploads\/2019\/12\/IMG_20190314_181113-768x1024.jpg\" alt=\"Photo d&#039;un groupe de conversation dans un caf\u00e9 durant une visite guid\u00e9e\" \/><\/figure><\/div><div class=\"swiper-slide\" role=\"group\" aria-roledescription=\"slide\" aria-label=\"27 sur 38\"><figure class=\"swiper-slide-inner\"><img decoding=\"async\" class=\"swiper-slide-image\" src=\"https:\/\/uncafefrancais.com\/wp-content\/uploads\/2019\/12\/IMG_20190704_151345-1024x768.jpg\" alt=\"Photo d&#039;une terrasse de caf\u00e9 ensoleill\u00e9e donnant sur un canal\" \/><\/figure><\/div><div class=\"swiper-slide\" role=\"group\" aria-roledescription=\"slide\" aria-label=\"28 sur 38\"><figure class=\"swiper-slide-inner\"><img decoding=\"async\" class=\"swiper-slide-image\" src=\"https:\/\/uncafefrancais.com\/wp-content\/uploads\/2019\/12\/IMG_4941-768x1024.jpg\" alt=\"Photo atelier boulangerie confection d&#039;oeufs de p\u00e2que au chocolat 6\" \/><\/figure><\/div><div class=\"swiper-slide\" role=\"group\" aria-roledescription=\"slide\" aria-label=\"29 sur 38\"><figure class=\"swiper-slide-inner\"><img decoding=\"async\" class=\"swiper-slide-image\" src=\"https:\/\/uncafefrancais.com\/wp-content\/uploads\/2019\/12\/IMG_20190305_094704-965x1024.jpg\" alt=\"Photo d&#039;un participant \u00e0 l&#039;atelier cours de dessin\" \/><\/figure><\/div><div class=\"swiper-slide\" role=\"group\" aria-roledescription=\"slide\" aria-label=\"30 sur 38\"><figure class=\"swiper-slide-inner\"><img decoding=\"async\" class=\"swiper-slide-image\" src=\"https:\/\/uncafefrancais.com\/wp-content\/uploads\/2019\/12\/IMG_20191126_161247_1-1024x768.jpg\" alt=\"Photo d&#039;une personne assise au comptoir d&#039;un caf\u00e9\" \/><\/figure><\/div><div class=\"swiper-slide\" role=\"group\" aria-roledescription=\"slide\" aria-label=\"31 sur 38\"><figure class=\"swiper-slide-inner\"><img decoding=\"async\" class=\"swiper-slide-image\" src=\"https:\/\/uncafefrancais.com\/wp-content\/uploads\/2019\/12\/UVP19juillet_aLaBoulangerie1-68-1024x768.jpg\" alt=\"Photo de l&#039;atelier boulangerie\" \/><\/figure><\/div><div class=\"swiper-slide\" role=\"group\" aria-roledescription=\"slide\" aria-label=\"32 sur 38\"><figure class=\"swiper-slide-inner\"><img decoding=\"async\" class=\"swiper-slide-image\" src=\"https:\/\/uncafefrancais.com\/wp-content\/uploads\/2019\/12\/IMG_20180220_111941-768x1024.jpg\" alt=\"Photo de l&#039;atelier cuisine\" \/><\/figure><\/div><div class=\"swiper-slide\" role=\"group\" aria-roledescription=\"slide\" aria-label=\"33 sur 38\"><figure class=\"swiper-slide-inner\"><img decoding=\"async\" class=\"swiper-slide-image\" src=\"https:\/\/uncafefrancais.com\/wp-content\/uploads\/2020\/01\/2019_Cafes3-compressor-768x1024.jpg\" alt=\"Photo d&#039;int\u00e9rieur d&#039;un caf\u00e9 parissien dans le 3ieme arrondissement\" \/><\/figure><\/div><div class=\"swiper-slide\" role=\"group\" aria-roledescription=\"slide\" aria-label=\"34 sur 38\"><figure class=\"swiper-slide-inner\"><img decoding=\"async\" class=\"swiper-slide-image\" src=\"https:\/\/uncafefrancais.com\/wp-content\/uploads\/2019\/12\/IMG_20181003_221151-1024x768.jpg\" alt=\"Atelier peinture sur c\u00e9ramique\" \/><\/figure><\/div><div class=\"swiper-slide\" role=\"group\" aria-roledescription=\"slide\" aria-label=\"35 sur 38\"><figure class=\"swiper-slide-inner\"><img decoding=\"async\" class=\"swiper-slide-image\" src=\"https:\/\/uncafefrancais.com\/wp-content\/uploads\/2019\/12\/IMG_20131026_115325-1024x768.jpg\" alt=\"Photo d&#039;une visite guid\u00e9e\" \/><\/figure><\/div><div class=\"swiper-slide\" role=\"group\" aria-roledescription=\"slide\" aria-label=\"36 sur 38\"><figure class=\"swiper-slide-inner\"><img decoding=\"async\" class=\"swiper-slide-image\" src=\"https:\/\/uncafefrancais.com\/wp-content\/uploads\/2019\/12\/20190305_Dessin_Structure-AlexH-1comm-768x1024.jpg\" alt=\"Photo atelier dessin et structure 4\" \/><\/figure><\/div><div class=\"swiper-slide\" role=\"group\" aria-roledescription=\"slide\" aria-label=\"37 sur 38\"><figure class=\"swiper-slide-inner\"><img decoding=\"async\" class=\"swiper-slide-image\" src=\"https:\/\/uncafefrancais.com\/wp-content\/uploads\/2019\/12\/UVP-6fevrier15_aLaBoulangerie2_138-1024x768.jpg\" alt=\"Photo d&#039;un participant \u00e0 l&#039;atelier boulangerie p\u00e2tisserie\" \/><\/figure><\/div><div class=\"swiper-slide\" role=\"group\" aria-roledescription=\"slide\" aria-label=\"38 sur 38\"><figure class=\"swiper-slide-inner\"><img decoding=\"async\" class=\"swiper-slide-image\" src=\"https:\/\/uncafefrancais.com\/wp-content\/uploads\/2020\/02\/uncafefrancais_cafe-stationssallefond-compressor-1024x768.jpg\" alt=\"Photo d&#039;int\u00e9rieur d&#039;un caf\u00e9-restaurant\" \/><\/figure><\/div>\t\t\t<\/div>\n\t\t\t\t\t\t\t\t\t\t\t\t<div class=\"elementor-swiper-button elementor-swiper-button-prev\" role=\"button\" tabindex=\"0\">\n\t\t\t\t\t\t<i aria-hidden=\"true\" class=\"eicon-chevron-left\"><\/i>\t\t\t\t\t<\/div>\n\t\t\t\t\t<div class=\"elementor-swiper-button elementor-swiper-button-next\" role=\"button\" tabindex=\"0\">\n\t\t\t\t\t\t<i aria-hidden=\"true\" class=\"eicon-chevron-right\"><\/i>\t\t\t\t\t<\/div>\n\t\t\t\t\n\t\t\t\t\t\t\t\t\t<\/div>\n\t\t\t\t\t\t<\/div>\n\t\t\t\t<\/div>\n\t\t\t\t\t<\/div>\n\t\t<\/div>\n\t\t\t\t\t<\/div>\n\t\t<\/section>\n\t\t\t\t<\/div>\n\t\t","protected":false},"excerpt":{"rendered":"<p>Previous Next<\/p>\n","protected":false},"author":0,"featured_media":0,"parent":0,"menu_order":0,"comment_status":"closed","ping_status":"closed","template":"","meta":{"_price":"","_stock":"","_tribe_ticket_header":"","_tribe_default_ticket_provider":"","_tribe_ticket_capacity":"","_ticket_start_date":"","_ticket_end_date":"","_tribe_ticket_show_description":"","_tribe_ticket_show_not_going":false,"_tribe_ticket_use_global_stock":"","_tribe_ticket_global_stock_level":"","_global_stock_mode":"","_global_stock_cap":"","_tribe_rsvp_for_event":"","_tribe_ticket_going_count":"","_tribe_ticket_not_going_count":"","_tribe_tickets_list":"[]","_tribe_ticket_has_attendee_info_fields":false,"footnotes":"","_tec_slr_enabled":"","_tec_slr_layout":""},"class_list":["post-963","page","type-page","status-publish","hentry"],"yoast_head":"<!-- This site is optimized with the Yoast SEO plugin v27.4 - https:\/\/yoast.com\/product\/yoast-seo-wordpress\/ -->\n<title>En images | Un Caf\u00e9 Fran\u00e7ais : apprenez dans un cadre ludique<\/title>\n<meta name=\"description\" content=\"Retrouvez nos ateliers et nos groupes de discussions en images. Des photos de caf\u00e9 et d&#039;espaces agr\u00e9ables lors de nos rendez vous.\" \/>\n<meta name=\"robots\" content=\"index, follow, max-snippet:-1, max-image-preview:large, max-video-preview:-1\" \/>\n<link rel=\"canonical\" href=\"https:\/\/uncafefrancais.com\/en-images\/\" \/>\n<meta property=\"og:locale\" content=\"en_US\" \/>\n<meta property=\"og:type\" content=\"article\" \/>\n<meta property=\"og:title\" content=\"En images | Un Caf\u00e9 Fran\u00e7ais : apprenez dans un cadre ludique\" \/>\n<meta property=\"og:description\" content=\"Retrouvez nos ateliers et nos groupes de discussions en images. Des photos de caf\u00e9 et d&#039;espaces agr\u00e9ables lors de nos rendez vous.\" \/>\n<meta property=\"og:url\" content=\"https:\/\/uncafefrancais.com\/en-images\/\" \/>\n<meta property=\"og:site_name\" content=\"Un Caf\u00e9 Fran\u00e7ais\" \/>\n<meta property=\"article:modified_time\" content=\"2021-11-02T09:15:48+00:00\" \/>\n<meta property=\"og:image\" content=\"https:\/\/uncafefrancais.com\/wp-content\/uploads\/2020\/02\/Bulles18-1024x768.png\" \/>\n<meta name=\"twitter:card\" content=\"summary_large_image\" \/>\n<script type=\"application\/ld+json\" class=\"yoast-schema-graph\">{\"@context\":\"https:\\\/\\\/schema.org\",\"@graph\":[{\"@type\":\"WebPage\",\"@id\":\"https:\\\/\\\/uncafefrancais.com\\\/en-images\\\/\",\"url\":\"https:\\\/\\\/uncafefrancais.com\\\/en-images\\\/\",\"name\":\"En images | Un Caf\u00e9 Fran\u00e7ais : apprenez dans un cadre ludique\",\"isPartOf\":{\"@id\":\"https:\\\/\\\/uncafefrancais.com\\\/#website\"},\"primaryImageOfPage\":{\"@id\":\"https:\\\/\\\/uncafefrancais.com\\\/en-images\\\/#primaryimage\"},\"image\":{\"@id\":\"https:\\\/\\\/uncafefrancais.com\\\/en-images\\\/#primaryimage\"},\"thumbnailUrl\":\"https:\\\/\\\/uncafefrancais.com\\\/wp-content\\\/uploads\\\/2020\\\/02\\\/Bulles18-1024x768.png\",\"datePublished\":\"2019-12-13T14:22:37+00:00\",\"dateModified\":\"2021-11-02T09:15:48+00:00\",\"description\":\"Retrouvez nos ateliers et nos groupes de discussions en images. Des photos de caf\u00e9 et d'espaces agr\u00e9ables lors de nos rendez vous.\",\"breadcrumb\":{\"@id\":\"https:\\\/\\\/uncafefrancais.com\\\/en-images\\\/#breadcrumb\"},\"inLanguage\":\"en-US\",\"potentialAction\":[{\"@type\":\"ReadAction\",\"target\":[\"https:\\\/\\\/uncafefrancais.com\\\/en-images\\\/\"]}]},{\"@type\":\"ImageObject\",\"inLanguage\":\"en-US\",\"@id\":\"https:\\\/\\\/uncafefrancais.com\\\/en-images\\\/#primaryimage\",\"url\":\"https:\\\/\\\/uncafefrancais.com\\\/wp-content\\\/uploads\\\/2020\\\/02\\\/Bulles18-1024x768.png\",\"contentUrl\":\"https:\\\/\\\/uncafefrancais.com\\\/wp-content\\\/uploads\\\/2020\\\/02\\\/Bulles18-1024x768.png\"},{\"@type\":\"BreadcrumbList\",\"@id\":\"https:\\\/\\\/uncafefrancais.com\\\/en-images\\\/#breadcrumb\",\"itemListElement\":[{\"@type\":\"ListItem\",\"position\":1,\"name\":\"Accueil\",\"item\":\"https:\\\/\\\/uncafefrancais.com\\\/\"},{\"@type\":\"ListItem\",\"position\":2,\"name\":\"En images\"}]},{\"@type\":\"WebSite\",\"@id\":\"https:\\\/\\\/uncafefrancais.com\\\/#website\",\"url\":\"https:\\\/\\\/uncafefrancais.com\\\/\",\"name\":\"Un Caf\u00e9 Fran\u00e7ais\",\"description\":\"Best way to learn French!\",\"publisher\":{\"@id\":\"https:\\\/\\\/uncafefrancais.com\\\/#organization\"},\"potentialAction\":[{\"@type\":\"SearchAction\",\"target\":{\"@type\":\"EntryPoint\",\"urlTemplate\":\"https:\\\/\\\/uncafefrancais.com\\\/?s={search_term_string}\"},\"query-input\":{\"@type\":\"PropertyValueSpecification\",\"valueRequired\":true,\"valueName\":\"search_term_string\"}}],\"inLanguage\":\"en-US\"},{\"@type\":\"Organization\",\"@id\":\"https:\\\/\\\/uncafefrancais.com\\\/#organization\",\"name\":\"Un Caf\u00e9 Fran\u00e7ais\",\"url\":\"https:\\\/\\\/uncafefrancais.com\\\/\",\"logo\":{\"@type\":\"ImageObject\",\"inLanguage\":\"en-US\",\"@id\":\"https:\\\/\\\/uncafefrancais.com\\\/#\\\/schema\\\/logo\\\/image\\\/\",\"url\":\"https:\\\/\\\/uncafefrancais.com\\\/wp-content\\\/uploads\\\/2020\\\/03\\\/2018-Logo-UCF-txt-Noirbline.png\",\"contentUrl\":\"https:\\\/\\\/uncafefrancais.com\\\/wp-content\\\/uploads\\\/2020\\\/03\\\/2018-Logo-UCF-txt-Noirbline.png\",\"width\":500,\"height\":397,\"caption\":\"Un Caf\u00e9 Fran\u00e7ais\"},\"image\":{\"@id\":\"https:\\\/\\\/uncafefrancais.com\\\/#\\\/schema\\\/logo\\\/image\\\/\"}}]}<\/script>\n<!-- \/ Yoast SEO plugin. -->","yoast_head_json":{"title":"En images | Un Caf\u00e9 Fran\u00e7ais : apprenez dans un cadre ludique","description":"Retrouvez nos ateliers et nos groupes de discussions en images. Des photos de caf\u00e9 et d'espaces agr\u00e9ables lors de nos rendez vous.","robots":{"index":"index","follow":"follow","max-snippet":"max-snippet:-1","max-image-preview":"max-image-preview:large","max-video-preview":"max-video-preview:-1"},"canonical":"https:\/\/uncafefrancais.com\/en-images\/","og_locale":"en_US","og_type":"article","og_title":"En images | Un Caf\u00e9 Fran\u00e7ais : apprenez dans un cadre ludique","og_description":"Retrouvez nos ateliers et nos groupes de discussions en images. Des photos de caf\u00e9 et d'espaces agr\u00e9ables lors de nos rendez vous.","og_url":"https:\/\/uncafefrancais.com\/en-images\/","og_site_name":"Un Caf\u00e9 Fran\u00e7ais","article_modified_time":"2021-11-02T09:15:48+00:00","og_image":[{"url":"https:\/\/uncafefrancais.com\/wp-content\/uploads\/2020\/02\/Bulles18-1024x768.png","type":"","width":"","height":""}],"twitter_card":"summary_large_image","schema":{"@context":"https:\/\/schema.org","@graph":[{"@type":"WebPage","@id":"https:\/\/uncafefrancais.com\/en-images\/","url":"https:\/\/uncafefrancais.com\/en-images\/","name":"En images | Un Caf\u00e9 Fran\u00e7ais : apprenez dans un cadre ludique","isPartOf":{"@id":"https:\/\/uncafefrancais.com\/#website"},"primaryImageOfPage":{"@id":"https:\/\/uncafefrancais.com\/en-images\/#primaryimage"},"image":{"@id":"https:\/\/uncafefrancais.com\/en-images\/#primaryimage"},"thumbnailUrl":"https:\/\/uncafefrancais.com\/wp-content\/uploads\/2020\/02\/Bulles18-1024x768.png","datePublished":"2019-12-13T14:22:37+00:00","dateModified":"2021-11-02T09:15:48+00:00","description":"Retrouvez nos ateliers et nos groupes de discussions en images. Des photos de caf\u00e9 et d'espaces agr\u00e9ables lors de nos rendez vous.","breadcrumb":{"@id":"https:\/\/uncafefrancais.com\/en-images\/#breadcrumb"},"inLanguage":"en-US","potentialAction":[{"@type":"ReadAction","target":["https:\/\/uncafefrancais.com\/en-images\/"]}]},{"@type":"ImageObject","inLanguage":"en-US","@id":"https:\/\/uncafefrancais.com\/en-images\/#primaryimage","url":"https:\/\/uncafefrancais.com\/wp-content\/uploads\/2020\/02\/Bulles18-1024x768.png","contentUrl":"https:\/\/uncafefrancais.com\/wp-content\/uploads\/2020\/02\/Bulles18-1024x768.png"},{"@type":"BreadcrumbList","@id":"https:\/\/uncafefrancais.com\/en-images\/#breadcrumb","itemListElement":[{"@type":"ListItem","position":1,"name":"Accueil","item":"https:\/\/uncafefrancais.com\/"},{"@type":"ListItem","position":2,"name":"En images"}]},{"@type":"WebSite","@id":"https:\/\/uncafefrancais.com\/#website","url":"https:\/\/uncafefrancais.com\/","name":"Un Caf\u00e9 Fran\u00e7ais","description":"Best way to learn French!","publisher":{"@id":"https:\/\/uncafefrancais.com\/#organization"},"potentialAction":[{"@type":"SearchAction","target":{"@type":"EntryPoint","urlTemplate":"https:\/\/uncafefrancais.com\/?s={search_term_string}"},"query-input":{"@type":"PropertyValueSpecification","valueRequired":true,"valueName":"search_term_string"}}],"inLanguage":"en-US"},{"@type":"Organization","@id":"https:\/\/uncafefrancais.com\/#organization","name":"Un Caf\u00e9 Fran\u00e7ais","url":"https:\/\/uncafefrancais.com\/","logo":{"@type":"ImageObject","inLanguage":"en-US","@id":"https:\/\/uncafefrancais.com\/#\/schema\/logo\/image\/","url":"https:\/\/uncafefrancais.com\/wp-content\/uploads\/2020\/03\/2018-Logo-UCF-txt-Noirbline.png","contentUrl":"https:\/\/uncafefrancais.com\/wp-content\/uploads\/2020\/03\/2018-Logo-UCF-txt-Noirbline.png","width":500,"height":397,"caption":"Un Caf\u00e9 Fran\u00e7ais"},"image":{"@id":"https:\/\/uncafefrancais.com\/#\/schema\/logo\/image\/"}}]}},"ticketed":false,"_links":{"self":[{"href":"https:\/\/uncafefrancais.com\/en\/wp-json\/wp\/v2\/pages\/963","targetHints":{"allow":["GET"]}}],"collection":[{"href":"https:\/\/uncafefrancais.com\/en\/wp-json\/wp\/v2\/pages"}],"about":[{"href":"https:\/\/uncafefrancais.com\/en\/wp-json\/wp\/v2\/types\/page"}],"replies":[{"embeddable":true,"href":"https:\/\/uncafefrancais.com\/en\/wp-json\/wp\/v2\/comments?post=963"}],"version-history":[{"count":0,"href":"https:\/\/uncafefrancais.com\/en\/wp-json\/wp\/v2\/pages\/963\/revisions"}],"wp:attachment":[{"href":"https:\/\/uncafefrancais.com\/en\/wp-json\/wp\/v2\/media?parent=963"}],"curies":[{"name":"wp","href":"https:\/\/api.w.org\/{rel}","templated":true}]}}